{"id":104,"date":"2010-08-27T15:03:22","date_gmt":"2010-08-27T18:03:22","guid":{"rendered":"http:\/\/www.institutodemedicinaalternativa.com\/sitio\/"},"modified":"2010-10-19T17:07:59","modified_gmt":"2010-10-19T20:07:59","slug":"quienes-somos","status":"publish","type":"page","link":"https:\/\/www.institutodemedicinaalternativa.com\/sitio\/quienes-somos\/","title":{"rendered":"Quienes Somos"},"content":{"rendered":"<p>El Instituto est\u00e1 dedicado a la atenci\u00f3n del paciente como ser humano integral, que puede padecer una dolencia o enfermedad, aguda o cr\u00f3nica, que debe ser evaluada en todo su contexto org\u00e1nico y espiritual, tanto en el diagn\u00f3stico como en el tratamiento.<\/p>\n<p>La Misi\u00f3n de todo m\u00e9dico que se precie de tal es tender a la cura o, por lo menos, la recuperaci\u00f3n del estado de salud del paciente que sufre alg\u00fan tipo de padecimiento, pero ello debe hacerse con tratamientos adecuados a cada persona en particular, atendiendo a cualquier otra patolog\u00eda secundaria que pudiera sufrir, a fin de evitar agravar y\/o provocar mayores dolencias.<\/p>\n<p>Es por ello que el objetivo del Instituto est\u00e1 avocado a la b\u00fasqueda permanente de nuevos y mejores tratamientos para la prevenci\u00f3n, reversi\u00f3n y cura de enfermedades, con actualizaci\u00f3n sobre propiedades medicinales de sustancias, nutrientes y componentes naturales, su aplicaci\u00f3n y dosificaci\u00f3n. Para ello nos valemos del mantenimiento de corriente informativa con importantes Centros Investigativos del Mundo, que se encuentran a la vanguardia de los \u00faltimos descubrimientos cient\u00edficos.<\/p>\n<p>La visi\u00f3n del Instituto est\u00e1 enfocada a la concientizaci\u00f3n en las personas sobre los beneficios que posee la Medicina Alternativa y Complementaria, el retorno a la Medicina Natural como base y origen de cualquier tratamiento y\/o cura, creando en el ser humano el inter\u00e9s en su salud integral, como eje y equilibrio de su cuerpo y alma, evitando da\u00f1arlo con tratamientos o medicamentos que puedan generarle efectos nocivos, secundarios o nuevas enfermedades.<\/p>\n<p>Dr. Carlos Daniel Ducasse<\/p>\n<p>Director<\/p>\n","protected":false},"excerpt":{"rendered":"<p>El Instituto est\u00e1 dedicado a la atenci\u00f3n del paciente como ser humano integral, que puede padecer una dolencia o enfermedad, aguda o cr\u00f3nica, que debe ser evaluada en todo su contexto org\u00e1nico y espiritual, tanto en el diagn\u00f3stico como en el tratamiento. La Misi\u00f3n de todo m\u00e9dico que se precie de tal es tender a [&hellip;]<\/p>\n","protected":false},"author":1,"featured_media":0,"parent":0,"menu_order":2,"comment_status":"closed","ping_status":"open","template":"","meta":[],"_links":{"self":[{"href":"https:\/\/www.institutodemedicinaalternativa.com\/sitio\/wp-json\/wp\/v2\/pages\/104"}],"collection":[{"href":"https:\/\/www.institutodemedicinaalternativa.com\/sitio\/wp-json\/wp\/v2\/pages"}],"about":[{"href":"https:\/\/www.institutodemedicinaalternativa.com\/sitio\/wp-json\/wp\/v2\/types\/page"}],"author":[{"embeddable":true,"href":"https:\/\/www.institutodemedicinaalternativa.com\/sitio\/wp-json\/wp\/v2\/users\/1"}],"replies":[{"embeddable":true,"href":"https:\/\/www.institutodemedicinaalternativa.com\/sitio\/wp-json\/wp\/v2\/comments?post=104"}],"version-history":[{"count":2,"href":"https:\/\/www.institutodemedicinaalternativa.com\/sitio\/wp-json\/wp\/v2\/pages\/104\/revisions"}],"predecessor-version":[{"id":186,"href":"https:\/\/www.institutodemedicinaalternativa.com\/sitio\/wp-json\/wp\/v2\/pages\/104\/revisions\/186"}],"wp:attachment":[{"href":"https:\/\/www.institutodemedicinaalternativa.com\/sitio\/wp-json\/wp\/v2\/media?parent=104"}],"curies":[{"name":"wp","href":"https:\/\/api.w.org\/{rel}","templated":true}]}}