{"id":192,"date":"2010-11-02T17:24:55","date_gmt":"2010-11-02T20:24:55","guid":{"rendered":"http:\/\/www.institutodemedicinaalternativa.com\/sitio\/"},"modified":"2017-09-09T01:11:59","modified_gmt":"2017-09-09T04:11:59","slug":"servicios","status":"publish","type":"page","link":"https:\/\/www.institutodemedicinaalternativa.com\/sitio\/servicios\/","title":{"rendered":"Servicios"},"content":{"rendered":"<ul>\n<li><a href=\"..\/servicios\/clinica-medica\/\">Cl\u00ednica M\u00e9dica<\/a><\/li>\n<li><a href=\"..\/servicios\/homeopatia\/\">Homeopat\u00eda<\/a><\/li>\n<li><a href=\"..\/servicios\/medicina-nutricional\">Medicina Nutricional<\/a><\/li>\n<li><a href=\"..\/servicios\/medicina-estetica-sin-cirugia\/\">Medicina Est\u00e9tica sin Cirug\u00eda<\/a><\/li>\n<li><a href=\"..\/servicios\/medicina-del-dolor\">Medicina del Dolor<\/a><\/li>\n<li><a href=\"..\/servicios\/medicina-orthomolecular\/\">Medicina Orthomolecular<\/a><\/li>\n<li><a href=\"..\/servicios\/medicina-fisiologica\">Medicina Fisiol\u00f3gica<\/a><\/li>\n<li><a href=\"..\/servicios\/mesoterapia\">Mesoterapia<\/a><\/li>\n<li><span style=\"text-decoration: underline; color: #0000ff;\">Psicolog\u00eda<\/span><\/li>\n<\/ul>\n<p>Consultas on line<\/p>\n","protected":false},"excerpt":{"rendered":"<p>Cl\u00ednica M\u00e9dica Homeopat\u00eda Medicina Nutricional Medicina Est\u00e9tica sin Cirug\u00eda Medicina del Dolor Medicina Orthomolecular Medicina Fisiol\u00f3gica Mesoterapia Psicolog\u00eda Consultas on line<\/p>\n","protected":false},"author":1,"featured_media":0,"parent":0,"menu_order":7,"comment_status":"closed","ping_status":"closed","template":"","meta":[],"_links":{"self":[{"href":"https:\/\/www.institutodemedicinaalternativa.com\/sitio\/wp-json\/wp\/v2\/pages\/192"}],"collection":[{"href":"https:\/\/www.institutodemedicinaalternativa.com\/sitio\/wp-json\/wp\/v2\/pages"}],"about":[{"href":"https:\/\/www.institutodemedicinaalternativa.com\/sitio\/wp-json\/wp\/v2\/types\/page"}],"author":[{"embeddable":true,"href":"https:\/\/www.institutodemedicinaalternativa.com\/sitio\/wp-json\/wp\/v2\/users\/1"}],"replies":[{"embeddable":true,"href":"https:\/\/www.institutodemedicinaalternativa.com\/sitio\/wp-json\/wp\/v2\/comments?post=192"}],"version-history":[{"count":8,"href":"https:\/\/www.institutodemedicinaalternativa.com\/sitio\/wp-json\/wp\/v2\/pages\/192\/revisions"}],"predecessor-version":[{"id":1223,"href":"https:\/\/www.institutodemedicinaalternativa.com\/sitio\/wp-json\/wp\/v2\/pages\/192\/revisions\/1223"}],"wp:attachment":[{"href":"https:\/\/www.institutodemedicinaalternativa.com\/sitio\/wp-json\/wp\/v2\/media?parent=192"}],"curies":[{"name":"wp","href":"https:\/\/api.w.org\/{rel}","templated":true}]}}