{"id":197,"date":"2010-11-02T17:30:40","date_gmt":"2010-11-02T20:30:40","guid":{"rendered":"http:\/\/www.institutodemedicinaalternativa.com\/sitio\/"},"modified":"2024-07-08T22:03:44","modified_gmt":"2024-07-09T01:03:44","slug":"homeopatia","status":"publish","type":"page","link":"https:\/\/www.institutodemedicinaalternativa.com\/sitio\/servicios\/homeopatia\/","title":{"rendered":"Homeopat\u00eda"},"content":{"rendered":"<h3><strong>Homeopat\u00eda:<\/strong><\/h3>\n<p>Es un sistema m\u00e9dico terape\u00fatico que considera que el malestar se manifiesta primero con s\u00edntomas emocionales\u00a0(como ansiedad y aversiones) que, si no son tratados a tiempo, pasan a ser mentales o conductuales, deviniendo posteriormente en\u00a0enfermedad f\u00edsica. ocasionada por la falta de armon\u00eda con la fuerza vital. Esta terape\u00fatica regula la energ\u00eda vital del paciente,\u00a0armoniz\u00e1ndolo\u00a0y llev\u00e1ndolo hacia una curaci\u00f3n natural.<\/p>\n<p><img loading=\"lazy\" title=\"homeopat\u00eda gl\u00f3bulos\" src=\"http:\/\/www.institutodemedicinaalternativa.com\/sitio\/wp-content\/uploads\/homeopat%C3%ADa-gl%C3%B3bulos-150x150.jpg\" alt=\"\" width=\"150\" height=\"150\" \/><\/p>\n<p><strong>Dr. Carlos Daniel Ducasse<\/strong><\/p>\n<p>Tel.: 4523-1094<br \/>\ninfo@iamac.com.ar<\/p>\n<p>Ciudad Aut\u00f3noma de Buenos Aires<br \/>\nArgentina<\/p>\n","protected":false},"excerpt":{"rendered":"<p>Homeopat\u00eda: Es un sistema m\u00e9dico terape\u00fatico que considera que el malestar se manifiesta primero con s\u00edntomas emocionales\u00a0(como ansiedad y aversiones) que, si no son tratados a tiempo, pasan a ser mentales o conductuales, deviniendo posteriormente en\u00a0enfermedad f\u00edsica. ocasionada por la falta de armon\u00eda con la fuerza vital. Esta terape\u00fatica regula la energ\u00eda vital del paciente,\u00a0armoniz\u00e1ndolo\u00a0y [&hellip;]<\/p>\n","protected":false},"author":1,"featured_media":0,"parent":192,"menu_order":2,"comment_status":"closed","ping_status":"open","template":"","meta":[],"_links":{"self":[{"href":"https:\/\/www.institutodemedicinaalternativa.com\/sitio\/wp-json\/wp\/v2\/pages\/197"}],"collection":[{"href":"https:\/\/www.institutodemedicinaalternativa.com\/sitio\/wp-json\/wp\/v2\/pages"}],"about":[{"href":"https:\/\/www.institutodemedicinaalternativa.com\/sitio\/wp-json\/wp\/v2\/types\/page"}],"author":[{"embeddable":true,"href":"https:\/\/www.institutodemedicinaalternativa.com\/sitio\/wp-json\/wp\/v2\/users\/1"}],"replies":[{"embeddable":true,"href":"https:\/\/www.institutodemedicinaalternativa.com\/sitio\/wp-json\/wp\/v2\/comments?post=197"}],"version-history":[{"count":8,"href":"https:\/\/www.institutodemedicinaalternativa.com\/sitio\/wp-json\/wp\/v2\/pages\/197\/revisions"}],"predecessor-version":[{"id":1482,"href":"https:\/\/www.institutodemedicinaalternativa.com\/sitio\/wp-json\/wp\/v2\/pages\/197\/revisions\/1482"}],"up":[{"embeddable":true,"href":"https:\/\/www.institutodemedicinaalternativa.com\/sitio\/wp-json\/wp\/v2\/pages\/192"}],"wp:attachment":[{"href":"https:\/\/www.institutodemedicinaalternativa.com\/sitio\/wp-json\/wp\/v2\/media?parent=197"}],"curies":[{"name":"wp","href":"https:\/\/api.w.org\/{rel}","templated":true}]}}