{"id":199,"date":"2010-11-02T17:31:12","date_gmt":"2010-11-02T20:31:12","guid":{"rendered":"http:\/\/www.institutodemedicinaalternativa.com\/sitio\/"},"modified":"2024-07-08T22:04:33","modified_gmt":"2024-07-09T01:04:33","slug":"medicina-nutricional","status":"publish","type":"page","link":"https:\/\/www.institutodemedicinaalternativa.com\/sitio\/servicios\/medicina-nutricional\/","title":{"rendered":"Medicina Nutricional"},"content":{"rendered":"<p><strong><em><a href=\"http:\/\/www.institutodemedicinaalternativa.com\/sitio\/wp-content\/uploads\/Diapositiva157.jpg\"><img loading=\"lazy\" class=\"aligncenter size-medium wp-image-589\" title=\"Diapositiva1\" src=\"http:\/\/www.institutodemedicinaalternativa.com\/sitio\/wp-content\/uploads\/Diapositiva157-300x225.jpg\" alt=\"\" width=\"300\" height=\"225\" srcset=\"https:\/\/www.institutodemedicinaalternativa.com\/sitio\/wp-content\/uploads\/Diapositiva157-300x225.jpg 300w, https:\/\/www.institutodemedicinaalternativa.com\/sitio\/wp-content\/uploads\/Diapositiva157.jpg 720w\" sizes=\"(max-width: 300px) 100vw, 300px\" \/><\/a><\/em><\/strong><\/p>\n<p><span style=\"color: #000000;\"><strong><em>EL MEJOR SISTEMA PARA BAJAR DE PESO:<\/em> <\/strong><\/span><em>El sistema inteligente (Smart)<\/em> del\u00a0<strong><span style=\"color: #000000;\">Dr. Carlos Daniel Ducasse<\/span> <\/strong><span style=\"color: #008000;\">no es una mera dieta para bajar de peso, si no que es la combinaci\u00f3n de diferentes m\u00e9todos a trav\u00e9s de los cuales el cerebro registra la necesidad de mantener delgado al cuerpo, estimulando a las hormonas a funcionar mejor y quemar grasas m\u00e1s f\u00e1cilmente, por lo que usted bajar\u00e1 de peso sin darse cuenta que est\u00e1 siguiendo un sistema de control de peso<\/span>.<span style=\"color: #000000;\"><em> Con este sistema inteligente (Smart)<span style=\"color: #008000;\"> los paciente bajan entre 50 y 60 kilos por a\u00f1o<\/span><\/em><span style=\"color: #008000;\">, \u00a0de un modo natural, \u00a0<em>minimiza la formaci\u00f3n de estr\u00edas<\/em> y <em>elimina la celulitis un 10 % mensual,<\/em> sin necesidad de hacer otros \u00a0costosos tratamientos\u2026<\/span><\/span><\/p>\n<p><span style=\"color: #008000;\"><em>Adem\u00e1s \u00e9ste sistema cuida la salud del coraz\u00f3n, baja el colesterol y los triglic\u00e9ridos en sangre<\/em> ( para mayor informaci\u00f3n ver art\u00edculo en<em> Noticias:<\/em> Dieta Baja en hidratos de Carbono).<\/span><\/p>\n<p><em><span style=\"color: #000000;\"><strong>Las claves del \u00e9xito y el placer de comer :<\/strong><\/span><\/em><\/p>\n<p><span style=\"color: #000000;\"><em><strong>Las claves del \u00e9xito<\/strong><\/em> <\/span>consisten en <em><span style=\"color: #000000;\">comer alimentos con bajo \u00edndice gluc\u00e9mico<\/span> <\/em>que permitan bajar el nivel de insulina. De esa manera Ud. empieza a comer perdiendo peso y quemando las grasas innecesarias.<\/p>\n<p>Ud. con mi sistema<span style=\"color: #008000;\"> <em>podr\u00e1 comer todos los d\u00edas man\u00ed, almendras, nueces, casta\u00f1as de caj\u00fa.<\/em><\/span><\/p>\n<p><a href=\"http:\/\/www.institutodemedicinaalternativa.com\/sitio\/wp-content\/uploads\/Diapositiva1-8.jpg\" rel=\"attachment wp-att-1104\"><img loading=\"lazy\" class=\"alignleft size-medium wp-image-1104\" src=\"http:\/\/www.institutodemedicinaalternativa.com\/sitio\/wp-content\/uploads\/Diapositiva1-8-300x225.jpg\" alt=\"Diapositiva1\" width=\"300\" height=\"225\" srcset=\"https:\/\/www.institutodemedicinaalternativa.com\/sitio\/wp-content\/uploads\/Diapositiva1-8-300x225.jpg 300w, https:\/\/www.institutodemedicinaalternativa.com\/sitio\/wp-content\/uploads\/Diapositiva1-8.jpg 720w\" sizes=\"(max-width: 300px) 100vw, 300px\" \/><\/a><\/p>\n<p>Si esto no lo convenciera podr\u00e1 agasajarse con un<span style=\"color: #008000;\"> <em>buen asado,<\/em> incluidas <em>todas las achuras, <\/em>con un<em> buen vino tinto<\/em>. Y si esto fuera poco, de postre podr\u00e1 <em>deleitarse con frutillas con crema de chocolate<\/em>, h<em>elado y mousse de lim\u00f3n<\/em> diet<\/span> con el recetario de cocina que le entregamos en la consulta.<\/p>\n<p>Adem\u00e1s,<span style=\"color: #008000;\"> Ud. cuenta con mi experiencia de m\u00e1s de 30 a\u00f1os en sistemas de adelgazamiento<\/span>, en los que he combinado el modo de alimentaci\u00f3n con un grupo de<span style=\"color: #008000;\"> <em>medicamentos naturales<\/em><\/span>, incluidas las vitaminas que su cuerpo necesita. Esto le permitir\u00e1 bajar su apetito insaciable, quemar naturalmente las grasas innecesaria del cuerpo, bloquear la absorci\u00f3n de az\u00facares, eliminar la retenci\u00f3n de l\u00edquidos y de sodio, haciendo m\u00e1s placentero el sistema que Ud. comienza.<\/p>\n<p>La concientizaci\u00f3n del cuidado de la salud y el logro del \u00e9xito de la bajada de peso emprendida, para de esta manera cambiar su estilo de vida para siempre y no engordar nunca m\u00e1s.<\/p>\n<p><a href=\"http:\/\/www.institutodemedicinaalternativa.com\/sitio\/wp-content\/uploads\/Diapositiva1-10.jpg\" rel=\"attachment wp-att-1108\"><img loading=\"lazy\" class=\"alignleft size-medium wp-image-1108\" src=\"http:\/\/www.institutodemedicinaalternativa.com\/sitio\/wp-content\/uploads\/Diapositiva1-10-300x225.jpg\" alt=\"Diapositiva1\" width=\"300\" height=\"225\" srcset=\"https:\/\/www.institutodemedicinaalternativa.com\/sitio\/wp-content\/uploads\/Diapositiva1-10-300x225.jpg 300w, https:\/\/www.institutodemedicinaalternativa.com\/sitio\/wp-content\/uploads\/Diapositiva1-10.jpg 720w\" sizes=\"(max-width: 300px) 100vw, 300px\" \/><\/a><\/p>\n<p><em><span style=\"color: #008000;\">El sistema contempla la fisiolog\u00eda alimentaria, t\u00e9cnicas de control mental,\u00a0medicaci\u00f3n natural, etc;<\/span> los controles son mensuales.\u00a0<\/em><em>Si tiene prepaga puede solicitar el reintegro con la factura que le entregamos.<\/em><\/p>\n<p>Y para que esto sea una realidad posible, todos estos servicios son ofrecidos a precios m\u00f3dicos.<\/p>\n<p>Los saludo muy cordialmente, esper\u00e1ndolos en mi consulta.<\/p>\n<p><em>Dr. Carlos Daniel Ducasse<\/em><\/p>\n<p><em><strong>Solicitar turnos martes y jueves de 15,30 a 20,30 hs.<\/strong><\/em><br \/>\n<em>Tel.: (011) 4521-9994 \/ 4523-1094.<\/em><\/p>\n<p><em><strong>Para consultas on line ver:<\/strong><\/em>\u00a0 <span style=\"color: #008000;\"><em>\u00a0www.iamac.com.ar\/consultas on line.<\/em><\/span><br \/>\n<em>info@iamac.com.ar<\/em><br \/>\n<em>Ciudad Aut\u00f3noma de Buenos Aires<\/em><br \/>\n<em>Argentina<\/em><\/p>\n<p><strong>Dr. Carlos Daniel Ducasse<\/strong><\/p>\n<p>Tel.: \u00a04523-1094<br \/>\ninfo@iamac.com.ar<\/p>\n<p>Ciudad Aut\u00f3noma de Buenos Aires<br \/>\nArgentina<\/p>\n","protected":false},"excerpt":{"rendered":"<p>EL MEJOR SISTEMA PARA BAJAR DE PESO: El sistema inteligente (Smart) del\u00a0Dr. Carlos Daniel Ducasse no es una mera dieta para bajar de peso, si no que es la combinaci\u00f3n de diferentes m\u00e9todos a trav\u00e9s de los cuales el cerebro registra la necesidad de mantener delgado al cuerpo, estimulando a las hormonas a funcionar mejor [&hellip;]<\/p>\n","protected":false},"author":1,"featured_media":0,"parent":192,"menu_order":3,"comment_status":"closed","ping_status":"open","template":"","meta":[],"_links":{"self":[{"href":"https:\/\/www.institutodemedicinaalternativa.com\/sitio\/wp-json\/wp\/v2\/pages\/199"}],"collection":[{"href":"https:\/\/www.institutodemedicinaalternativa.com\/sitio\/wp-json\/wp\/v2\/pages"}],"about":[{"href":"https:\/\/www.institutodemedicinaalternativa.com\/sitio\/wp-json\/wp\/v2\/types\/page"}],"author":[{"embeddable":true,"href":"https:\/\/www.institutodemedicinaalternativa.com\/sitio\/wp-json\/wp\/v2\/users\/1"}],"replies":[{"embeddable":true,"href":"https:\/\/www.institutodemedicinaalternativa.com\/sitio\/wp-json\/wp\/v2\/comments?post=199"}],"version-history":[{"count":16,"href":"https:\/\/www.institutodemedicinaalternativa.com\/sitio\/wp-json\/wp\/v2\/pages\/199\/revisions"}],"predecessor-version":[{"id":1483,"href":"https:\/\/www.institutodemedicinaalternativa.com\/sitio\/wp-json\/wp\/v2\/pages\/199\/revisions\/1483"}],"up":[{"embeddable":true,"href":"https:\/\/www.institutodemedicinaalternativa.com\/sitio\/wp-json\/wp\/v2\/pages\/192"}],"wp:attachment":[{"href":"https:\/\/www.institutodemedicinaalternativa.com\/sitio\/wp-json\/wp\/v2\/media?parent=199"}],"curies":[{"name":"wp","href":"https:\/\/api.w.org\/{rel}","templated":true}]}}