{"id":201,"date":"2010-11-02T17:31:45","date_gmt":"2010-11-02T20:31:45","guid":{"rendered":"http:\/\/www.institutodemedicinaalternativa.com\/sitio\/"},"modified":"2024-07-08T22:05:02","modified_gmt":"2024-07-09T01:05:02","slug":"medicina-estetica-sin-cirugia","status":"publish","type":"page","link":"https:\/\/www.institutodemedicinaalternativa.com\/sitio\/servicios\/medicina-estetica-sin-cirugia\/","title":{"rendered":"Medicina Est\u00e9tica sin Cirug\u00eda"},"content":{"rendered":"<p><a href=\"http:\/\/www.institutodemedicinaalternativa.com\/sitio\/wp-content\/uploads\/Diapositiva138.jpg\"><img loading=\"lazy\" class=\"aligncenter size-medium wp-image-555\" title=\"Diapositiva1\" src=\"http:\/\/www.institutodemedicinaalternativa.com\/sitio\/wp-content\/uploads\/Diapositiva138-300x225.jpg\" alt=\"\" width=\"300\" height=\"225\" srcset=\"https:\/\/www.institutodemedicinaalternativa.com\/sitio\/wp-content\/uploads\/Diapositiva138-300x225.jpg 300w, https:\/\/www.institutodemedicinaalternativa.com\/sitio\/wp-content\/uploads\/Diapositiva138.jpg 720w\" sizes=\"(max-width: 300px) 100vw, 300px\" \/><\/a><\/p>\n<p><span style=\"text-decoration: underline;\"><span style=\"color: #000000;\"><em><strong><em>MEDICINA EST\u00c9TICA<\/em><\/strong>:<\/em><\/span><\/span> los componentes de esta<em><span style=\"color: #000080;\"> crema<\/span><\/em> (<strong><span style=\"color: #000080;\"><em>aloe vera, sauce blanco, extracto de \u00e1rnica, ginkgo biloba, maca<\/em><\/span><\/strong>) le aportan\u00a0\u00a0<strong><em>poderosos efectos antioxidantes,\u00a0circulatorios\u00a0y\u00a0nutrientes ( vitaminas, amino\u00e1cidos, aceites esenciales, omega 3,6,9 y minerales) <\/em><\/strong>presentes en la <strong><em>crema <span style=\"color: #000080;\">Ducasse Sport<\/span><\/em><\/strong> le otorgan\u00a0un efecto\u00a0<strong><em>revitalizador\u00a0y\u00a0rejuvenecedor<\/em><\/strong>,\u00a0por lo que se encuentra indicado como<span style=\"color: #000080;\"> <strong><em>antiarrugas faciales<\/em><\/strong><\/span>,<span style=\"color: #000080;\"><strong><em> contornos de ojos y <\/em><\/strong><\/span> <span style=\"color: #000080;\"><em><strong>cuello<\/strong><\/em><\/span>, \u00a0notando <strong><em>mejor\u00edas<\/em><\/strong> dentro de los\u00a0<strong><em><span style=\"color: #000080;\">30 minutos<\/span><\/em><\/strong> de aplicada, debido a una <strong><span style=\"color: #000080;\"><em>r\u00e1pida<\/em><\/span><\/strong> <span style=\"color: #000080;\"><strong><em>hidra<\/em><\/strong><strong><em>taci\u00f3n \u00a0y relajaci\u00f3n de la zona<\/em><\/strong><\/span>, comprob\u00e1ndose cl\u00ednicamente la disminuci\u00f3n de la profundidad de las arrugas en un 50 % en 30 d\u00edas; usarla 2 veces al d\u00eda (ma\u00f1ana y noche). Adem\u00e1s, se puede utilizar como crema \u00a0<strong><em><span style=\"color: #000080;\">anticelul\u00edtica<\/span><\/em><\/strong>, ya que activa la circulaci\u00f3n, reduce la inflamaci\u00f3n y calma el dolor, disminuyendo la textura de la piel de \u00a0naranja en pocos d\u00edas;\u00a0aplicarla 2 veces por d\u00eda. Tambi\u00e9n se recomienda para\u00a0<strong><em><span style=\"color: #000080;\">manchas\u00a0y\u00a0estr\u00edas de piel<\/span><\/em><\/strong>, mejora su est\u00e9tica despu\u00e9s de 3 meses de aplicaci\u00f3n; \u00a0usarla 2 veces por d\u00eda en forma continuada. <em>E<\/em>s una excelente<span style=\"color: #000080;\"> <strong><em>crema para despu\u00e9s de afeitar o depilaci\u00f3n con cera<\/em><\/strong><\/span> dado que<strong><em> baja la inflamaci\u00f3n<\/em><\/strong> producida por el tr\u00e1uma de la pr\u00e1ctica.<\/p>\n<p><span style=\"color: #000000;\"><strong><em>Fragancia Natural<\/em><\/strong>:<\/span> perfumada suavemente con aceite esencial de Lavanda, lo que le confiere a la crema un olor agradable y \u00a0una<em> <strong>aromoterapia<\/strong><\/em> relajante y sedante.<\/p>\n<p><span style=\"color: #000000;\"><strong><em>Hipoalerg\u00e9nica-Testeado Dermatol\u00f3gicamente<\/em><\/strong>:<\/span> esta crema fu\u00e9 experimentada en vivo, no produciendo inflamaci\u00f3n de la piel, ideal para persona sensibles de piel, lo que le confiere a la crema la propiedad de usarla las veces necesarias por d\u00eda sin producir irritaci\u00f3n de la piel.<\/p>\n<p><a href=\"http:\/\/www.institutodemedicinaalternativa.com\/sitio\/wp-content\/uploads\/Diapositiva164.jpg\"><img loading=\"lazy\" class=\"aligncenter size-medium wp-image-646\" title=\"Diapositiva1\" src=\"http:\/\/www.institutodemedicinaalternativa.com\/sitio\/wp-content\/uploads\/Diapositiva164-300x225.jpg\" alt=\"\" width=\"300\" height=\"225\" srcset=\"https:\/\/www.institutodemedicinaalternativa.com\/sitio\/wp-content\/uploads\/Diapositiva164-300x225.jpg 300w, https:\/\/www.institutodemedicinaalternativa.com\/sitio\/wp-content\/uploads\/Diapositiva164.jpg 720w\" sizes=\"(max-width: 300px) 100vw, 300px\" \/><\/a><\/p>\n<div><em><a href=\"http:\/\/www.ducassesport.com\/\">www.ducassesport.com<\/a><\/em><\/div>\n<div><em>\u00a0<\/em><\/div>\n<div><span style=\"font-style: italic;\"><strong><em><span style=\"color: #000000;\">Farmacias :<\/span><\/em><\/strong><\/span><\/div>\n<div>\n<p><em><strong><span style=\"color: #000000;\">Barrio Norte, Belgrano, Palermo :<\/span><\/strong><\/em><\/p>\n<p><span style=\"color: #000080;\"><em>Farmacias Similia. ( hace envios al interior del Pa\u00eds )<\/em><\/span><br \/>\n<span style=\"color: #000080;\"><em>homeopatiabarrionorte@similia.com.ar<\/em><\/span><\/p>\n<p><em><span style=\"text-decoration: underline;\">www.similia.com.ar: <\/span> Av. Santa Fe 2642, tel: (011) 4826-1919***Av Cabildo1248,tel: 4780-1111*** Av. Santa Fe 4402,tel: 4776-4605***<\/em><\/p>\n<p><em><strong><span style=\"color: #000000;\">Caballito :<\/span><\/strong><\/em><\/p>\n<p><em><span style=\"text-decoration: underline;\">Farmacia Francesa:<\/span><\/em><\/p>\n<p><em>Av. Rivadavia 4544, tel: 4903-7787<\/em><\/p>\n<p><strong><em><span style=\"color: #000000;\">Flores :<\/span><\/em><\/strong><\/p>\n<p><em><span style=\"text-decoration: underline;\">Farmacia Social Buenos Aires :<\/span><\/em><\/p>\n<p><em>Av. Rivadavia 6327, tel: 4633-3923\/\/6655<\/em><\/p>\n<p><strong><em><span style=\"color: #000000;\">Saavedra :<\/span><\/em><\/strong><\/p>\n<p><em><span style=\"text-decoration: underline;\">Farmacia belladona: <\/span>Ramallo 2568, tel: 4702-1166***<\/em><\/p>\n<p><span style=\"font-style: italic; font-weight: bold;\"><span style=\"color: #000000;\">Villa Urquiza:<\/span><\/span><\/p>\n<p><span style=\"text-decoration: underline;\"><em>Perfumer\u00eda Fiorella:<\/em><\/span> Monroe 4981, tel: 4523-4877***<\/p>\n<p><span style=\"color: #008000;\">(perfumeriafiorella@yahoo.com)( hace env\u00edos al interior del Pa\u00eds)<\/span><\/p>\n<p><em><span style=\"text-decoration: underline;\">Farmacia Podest\u00e1:<\/span><\/em><br \/>\n(grupopodesta@fibertel.com.ar)<br \/>\nAv. Triunvirato 4602. tel : 4523-7577<br \/>\n<em><span style=\"text-decoration: underline;\">Farmacia Pampa:<\/span><\/em><br \/>\nAv. Truinvirato 4101. tel: 4521-1638<br \/>\n<em><span style=\"text-decoration: underline;\">Farmacia Santa Emilia:<\/span><\/em><br \/>\nAv. Cullen 5299 tel: 4522-6260<\/p>\n<\/div>\n<p><span style=\"font-weight: bold;\"><em><span style=\"color: #000000;\">Dr. Carlos Daniel Ducasse<\/span><\/em><\/span><\/p>\n<p>Tel.: \u00a04523-1094<\/p>\n<p>info@iamac.com.ar<\/p>\n<p>Ciudad Aut\u00f3noma de Buenos Aires<br \/>\nArgentina<\/p>\n","protected":false},"excerpt":{"rendered":"<p>MEDICINA EST\u00c9TICA: los componentes de esta crema (aloe vera, sauce blanco, extracto de \u00e1rnica, ginkgo biloba, maca) le aportan\u00a0\u00a0poderosos efectos antioxidantes,\u00a0circulatorios\u00a0y\u00a0nutrientes ( vitaminas, amino\u00e1cidos, aceites esenciales, omega 3,6,9 y minerales) presentes en la crema Ducasse Sport le otorgan\u00a0un efecto\u00a0revitalizador\u00a0y\u00a0rejuvenecedor,\u00a0por lo que se encuentra indicado como antiarrugas faciales, contornos de ojos y cuello, \u00a0notando mejor\u00edas dentro [&hellip;]<\/p>\n","protected":false},"author":1,"featured_media":0,"parent":192,"menu_order":4,"comment_status":"closed","ping_status":"open","template":"","meta":[],"_links":{"self":[{"href":"https:\/\/www.institutodemedicinaalternativa.com\/sitio\/wp-json\/wp\/v2\/pages\/201"}],"collection":[{"href":"https:\/\/www.institutodemedicinaalternativa.com\/sitio\/wp-json\/wp\/v2\/pages"}],"about":[{"href":"https:\/\/www.institutodemedicinaalternativa.com\/sitio\/wp-json\/wp\/v2\/types\/page"}],"author":[{"embeddable":true,"href":"https:\/\/www.institutodemedicinaalternativa.com\/sitio\/wp-json\/wp\/v2\/users\/1"}],"replies":[{"embeddable":true,"href":"https:\/\/www.institutodemedicinaalternativa.com\/sitio\/wp-json\/wp\/v2\/comments?post=201"}],"version-history":[{"count":48,"href":"https:\/\/www.institutodemedicinaalternativa.com\/sitio\/wp-json\/wp\/v2\/pages\/201\/revisions"}],"predecessor-version":[{"id":1484,"href":"https:\/\/www.institutodemedicinaalternativa.com\/sitio\/wp-json\/wp\/v2\/pages\/201\/revisions\/1484"}],"up":[{"embeddable":true,"href":"https:\/\/www.institutodemedicinaalternativa.com\/sitio\/wp-json\/wp\/v2\/pages\/192"}],"wp:attachment":[{"href":"https:\/\/www.institutodemedicinaalternativa.com\/sitio\/wp-json\/wp\/v2\/media?parent=201"}],"curies":[{"name":"wp","href":"https:\/\/api.w.org\/{rel}","templated":true}]}}