{"id":207,"date":"2010-11-02T17:33:21","date_gmt":"2010-11-02T20:33:21","guid":{"rendered":"http:\/\/www.institutodemedicinaalternativa.com\/sitio\/"},"modified":"2024-07-08T22:07:41","modified_gmt":"2024-07-09T01:07:41","slug":"medicina-fisiologica","status":"publish","type":"page","link":"https:\/\/www.institutodemedicinaalternativa.com\/sitio\/servicios\/medicina-fisiologica\/","title":{"rendered":"Medicina Fisiol\u00f3gica"},"content":{"rendered":"<p><em><em>Una de las ramas de la medicina alternativa es <\/em><\/em><strong>la Fisiol\u00f3gica <\/strong><strong><em>( llamada as\u00ed por el <strong>Dr Carlos Daniel Ducasse<\/strong>&#8211;<strong> mejorar la funci\u00f3n del \u00f3rgano enfermo<\/strong>) <\/em><\/strong><em>o Nutricional por la cual se aportan nutrientes naturales, que no <\/em><span style=\"font-style: italic;\">tienen efectos colaterales ni contraindicaciones, dada su naturaleza, aumentando la energ\u00eda celular de todo el organismo y <\/span><span style=\"font-style: italic;\">armonizando de\u00a0forma gradual la salud del paciente.<\/span><\/p>\n<p><span style=\"font-style: italic;\"><a href=\"http:\/\/www.institutodemedicinaalternativa.com\/sitio\/wp-content\/uploads\/Diapositiva125.jpg\"><img loading=\"lazy\" class=\"aligncenter size-medium wp-image-530\" title=\"Diapositiva1\" src=\"http:\/\/www.institutodemedicinaalternativa.com\/sitio\/wp-content\/uploads\/Diapositiva125-300x225.jpg\" alt=\"\" width=\"300\" height=\"225\" srcset=\"https:\/\/www.institutodemedicinaalternativa.com\/sitio\/wp-content\/uploads\/Diapositiva125-300x225.jpg 300w, https:\/\/www.institutodemedicinaalternativa.com\/sitio\/wp-content\/uploads\/Diapositiva125.jpg 720w\" sizes=\"(max-width: 300px) 100vw, 300px\" \/><\/a><br \/>\n<\/span><\/p>\n<p><span style=\"font-style: italic;\">Se ha comprobado que este tipo de tratamientos no s\u00f3lo mejora la calidad de vida, sino que tambi\u00e9n la rejuvenece y prolonga <\/span><span style=\"font-style: italic;\">entre siete y diez a\u00f1os\u201d. <\/span>Dr. Carlos Daniel Ducasse.\u00a0El aporte de nutrientes resulta de vital importancia en la prevenci\u00f3n de enfermedades agudas y en el tratamiento de pacientes con enfermedades cr\u00f3nicas, en los\u00a0cuales el uso prolongado de drogas qu\u00edmicas pone en riesgo su salud.<\/p>\n<p><a href=\"http:\/\/www.institutodemedicinaalternativa.com\/sitio\/wp-content\/uploads\/Diapositiva127.jpg\"><img loading=\"lazy\" class=\"aligncenter size-medium wp-image-532\" title=\"Diapositiva1\" src=\"http:\/\/www.institutodemedicinaalternativa.com\/sitio\/wp-content\/uploads\/Diapositiva127-300x225.jpg\" alt=\"\" width=\"300\" height=\"225\" srcset=\"https:\/\/www.institutodemedicinaalternativa.com\/sitio\/wp-content\/uploads\/Diapositiva127-300x225.jpg 300w, https:\/\/www.institutodemedicinaalternativa.com\/sitio\/wp-content\/uploads\/Diapositiva127.jpg 720w\" sizes=\"(max-width: 300px) 100vw, 300px\" \/><\/a><a href=\"http:\/\/www.institutodemedicinaalternativa.com\/sitio\/wp-content\/uploads\/Diapositiva4.jpg\"><br \/>\n<\/a> H\u00cdGADO GRASO<\/p>\n<p><em><strong>La Medicina<\/strong><strong> Fisiol\u00f3gica<\/strong><\/em> es efectiva en el tratamiento de las<em><strong> afecciones cardiovasculares ( miocardiopat\u00eda hipertrofica idiop\u00e1tica), respiratorias y hep\u00e1ticas<\/strong><strong> (incluida cirrosis postalcoholismo, h\u00edgado graso), <\/strong><\/em>pudiendo, inclusive,<em><strong> recuperar <\/strong><\/em>pacientes que necesitan un <em><strong>transplante<\/strong><\/em>, <em><strong>revertir<\/strong><\/em> la <em><strong>enfermedad coronaria,<\/strong><strong> vascular perif\u00e9rica<\/strong> <\/em><strong>( <em>enfermedad arterioscler\u00f3tica<\/em>);<\/strong> pacientes con infecciones severas tanto <strong><em>virales<\/em><\/strong> como <strong><em>bacterianas<\/em><\/strong>, resistentes a antibi\u00f3ticos, mejorar<strong><em> c\u00e1ncer<\/em><\/strong>, <strong><em>ostoartritis<\/em><\/strong>, <strong><em>artrosis<\/em><\/strong>, <strong><em>osteoporosis<\/em><\/strong>, <strong><em> fibromi\u00e1lgias<\/em><\/strong>, <strong><em>obesidad<\/em><\/strong>, enfermedades<strong><em> neurol\u00f3gicas<\/em><\/strong>,\u00a0disminuir complicaciones en pacientes <strong><em>diab\u00e9ticos<\/em><\/strong>, \u00a0etc.<\/p>\n<p><img loading=\"lazy\" title=\"CAPSULAS Y COMPRIMIDOS\" src=\"http:\/\/www.institutodemedicinaalternativa.com\/sitio\/wp-content\/uploads\/CAPSULAS-Y-COMPRIMIDOS-150x150.jpg\" alt=\"\" width=\"150\" height=\"150\" \/><\/p>\n<p><strong>Dr. Carlos Daniel Ducasse<\/strong><\/p>\n<p>Tel.: \u00a04523-1094<br \/>\ninfo@iamac.com.ar<\/p>\n<p>Ciudad Aut\u00f3noma de Buenos Aires<br \/>\nArgentina<\/p>\n","protected":false},"excerpt":{"rendered":"<p>Una de las ramas de la medicina alternativa es la Fisiol\u00f3gica ( llamada as\u00ed por el Dr Carlos Daniel Ducasse&#8211; mejorar la funci\u00f3n del \u00f3rgano enfermo) o Nutricional por la cual se aportan nutrientes naturales, que no tienen efectos colaterales ni contraindicaciones, dada su naturaleza, aumentando la energ\u00eda celular de todo el organismo y armonizando [&hellip;]<\/p>\n","protected":false},"author":1,"featured_media":0,"parent":192,"menu_order":7,"comment_status":"closed","ping_status":"open","template":"","meta":[],"_links":{"self":[{"href":"https:\/\/www.institutodemedicinaalternativa.com\/sitio\/wp-json\/wp\/v2\/pages\/207"}],"collection":[{"href":"https:\/\/www.institutodemedicinaalternativa.com\/sitio\/wp-json\/wp\/v2\/pages"}],"about":[{"href":"https:\/\/www.institutodemedicinaalternativa.com\/sitio\/wp-json\/wp\/v2\/types\/page"}],"author":[{"embeddable":true,"href":"https:\/\/www.institutodemedicinaalternativa.com\/sitio\/wp-json\/wp\/v2\/users\/1"}],"replies":[{"embeddable":true,"href":"https:\/\/www.institutodemedicinaalternativa.com\/sitio\/wp-json\/wp\/v2\/comments?post=207"}],"version-history":[{"count":21,"href":"https:\/\/www.institutodemedicinaalternativa.com\/sitio\/wp-json\/wp\/v2\/pages\/207\/revisions"}],"predecessor-version":[{"id":1486,"href":"https:\/\/www.institutodemedicinaalternativa.com\/sitio\/wp-json\/wp\/v2\/pages\/207\/revisions\/1486"}],"up":[{"embeddable":true,"href":"https:\/\/www.institutodemedicinaalternativa.com\/sitio\/wp-json\/wp\/v2\/pages\/192"}],"wp:attachment":[{"href":"https:\/\/www.institutodemedicinaalternativa.com\/sitio\/wp-json\/wp\/v2\/media?parent=207"}],"curies":[{"name":"wp","href":"https:\/\/api.w.org\/{rel}","templated":true}]}}