{"id":209,"date":"2010-11-02T17:34:05","date_gmt":"2010-11-02T20:34:05","guid":{"rendered":"http:\/\/www.institutodemedicinaalternativa.com\/sitio\/"},"modified":"2024-07-08T22:08:45","modified_gmt":"2024-07-09T01:08:45","slug":"mesoterapia","status":"publish","type":"page","link":"https:\/\/www.institutodemedicinaalternativa.com\/sitio\/servicios\/mesoterapia\/","title":{"rendered":"Mesoterapia"},"content":{"rendered":"<p><a href=\"http:\/\/www.institutodemedicinaalternativa.com\/sitio\/wp-content\/uploads\/Diapositiva136.jpg\"><img loading=\"lazy\" class=\"aligncenter size-medium wp-image-551\" title=\"Diapositiva1\" src=\"http:\/\/www.institutodemedicinaalternativa.com\/sitio\/wp-content\/uploads\/Diapositiva136-300x225.jpg\" alt=\"\" width=\"300\" height=\"225\" srcset=\"https:\/\/www.institutodemedicinaalternativa.com\/sitio\/wp-content\/uploads\/Diapositiva136-300x225.jpg 300w, https:\/\/www.institutodemedicinaalternativa.com\/sitio\/wp-content\/uploads\/Diapositiva136.jpg 720w\" sizes=\"(max-width: 300px) 100vw, 300px\" \/><\/a><\/p>\n<p>La Mesoterapia es una concepci\u00f3n terap\u00e9utica nueva simple que aproxima el medicamento al lugar de la patolog\u00eda mediante dosis intrad\u00e9rmica m\u00ednimas y regionales.<\/p>\n<p>La palabra Mesoterapia tiene una ra\u00edz que deriva del griego: meso (medio, mitad) y terap\u00e9utica (tratamiento). En la capa media de la piel se inyecta la medicaci\u00f3n, llamada dermis. El Dr Pistor fu\u00e9 el creador de \u00e9ste m\u00e9todo original, que consiste en la aplicaci\u00f3n de <strong><em>medicaci\u00f3n:<\/em><\/strong> alop\u00e1tica o natural o la mezcla de ambas, las <strong><em>dosis <\/em><\/strong>aplicadas siempre son <strong><em>peque\u00f1as<\/em><\/strong>, <em><strong>parenteral<\/strong><\/em> : ya que se realizan<strong><em> inyecciones <\/em><\/strong>intrad\u00e9rmicas o subcut\u00e1neas ;<strong><em> polivalente<\/em><\/strong>: por su eficacia en m\u00faltiples patolog\u00edas de distintas especialidades; <em><strong>regionalizada:<\/strong><em> porque el acto mesoter\u00e1pico se realiza en el sitio m\u00e1s cercano de la lesi\u00f3n. La mesoterapia es \u00fatil en diferentes <\/em><strong><em>enfermedades cl\u00ednicas agudas o cr\u00f3nicas<\/em><\/strong><em>, <\/em><strong><em>medicina est\u00e9tica, medicina de<\/em>l <em>dolor y<\/em><\/strong> <strong><em>del deporte.<\/em><\/strong><\/em><\/p>\n<p><strong>Dr. Carlos Daniel Ducasse<\/strong><\/p>\n<p>Tel.: 4523-1094<br \/>\ninfo@iamac.com.ar<\/p>\n<p>Ciudad Aut\u00f3noma de Buenos Aires<br \/>\nArgentina<\/p>\n","protected":false},"excerpt":{"rendered":"<p>La Mesoterapia es una concepci\u00f3n terap\u00e9utica nueva simple que aproxima el medicamento al lugar de la patolog\u00eda mediante dosis intrad\u00e9rmica m\u00ednimas y regionales. La palabra Mesoterapia tiene una ra\u00edz que deriva del griego: meso (medio, mitad) y terap\u00e9utica (tratamiento). En la capa media de la piel se inyecta la medicaci\u00f3n, llamada dermis. El Dr Pistor [&hellip;]<\/p>\n","protected":false},"author":1,"featured_media":0,"parent":192,"menu_order":8,"comment_status":"closed","ping_status":"open","template":"","meta":[],"_links":{"self":[{"href":"https:\/\/www.institutodemedicinaalternativa.com\/sitio\/wp-json\/wp\/v2\/pages\/209"}],"collection":[{"href":"https:\/\/www.institutodemedicinaalternativa.com\/sitio\/wp-json\/wp\/v2\/pages"}],"about":[{"href":"https:\/\/www.institutodemedicinaalternativa.com\/sitio\/wp-json\/wp\/v2\/types\/page"}],"author":[{"embeddable":true,"href":"https:\/\/www.institutodemedicinaalternativa.com\/sitio\/wp-json\/wp\/v2\/users\/1"}],"replies":[{"embeddable":true,"href":"https:\/\/www.institutodemedicinaalternativa.com\/sitio\/wp-json\/wp\/v2\/comments?post=209"}],"version-history":[{"count":9,"href":"https:\/\/www.institutodemedicinaalternativa.com\/sitio\/wp-json\/wp\/v2\/pages\/209\/revisions"}],"predecessor-version":[{"id":1487,"href":"https:\/\/www.institutodemedicinaalternativa.com\/sitio\/wp-json\/wp\/v2\/pages\/209\/revisions\/1487"}],"up":[{"embeddable":true,"href":"https:\/\/www.institutodemedicinaalternativa.com\/sitio\/wp-json\/wp\/v2\/pages\/192"}],"wp:attachment":[{"href":"https:\/\/www.institutodemedicinaalternativa.com\/sitio\/wp-json\/wp\/v2\/media?parent=209"}],"curies":[{"name":"wp","href":"https:\/\/api.w.org\/{rel}","templated":true}]}}