{"id":21,"date":"2010-08-05T12:44:28","date_gmt":"2010-08-05T15:44:28","guid":{"rendered":"http:\/\/www.institutodemedicinaalternativa.com\/blog\/"},"modified":"2024-10-03T21:46:27","modified_gmt":"2024-10-04T00:46:27","slug":"curriculum-vitae","status":"publish","type":"page","link":"https:\/\/www.institutodemedicinaalternativa.com\/sitio\/curriculum-vitae\/","title":{"rendered":"Curriculum Vitae"},"content":{"rendered":"<p><em><strong><span style=\"color: #000000;\">Dr. Carlos Daniel Ducasse<\/span><\/strong><\/em><\/p>\n<p>. T\u00edtulo de m\u00e9dico otorgado por la Universidad de Buenos Aires, Rep\u00fablica Argentina, a\u00f1o 1982 .<\/p>\n<p>. T\u00edtulo de Especialista en Cl\u00ednica M\u00e9dica, otorgado por el Ministerio de Salud P\u00fablica de la Naci\u00f3n.<\/p>\n<p>. T\u00edtulo de M\u00e9dico Home\u00f3pata, otorgado por la AMHA (Asociaci\u00f3n M\u00e9dica Homeop\u00e1tica Argentina).<\/p>\n<p>.T\u00edtulo de M\u00e9dico en Nutrici\u00f3n y Medicina Ortomolecular ( reconocido por la Facultad de Ciencias M\u00e9dicas Universidad Nacional de C\u00f3rdoba, La Sociedad Argentina de Nutrici\u00f3n Cl\u00ednica y la Fundaci\u00f3n I.L.P. USA)<\/p>\n<p>.Certificaci\u00f3n \u00a0para el estudio, evaluaci\u00f3n y tratamiento del dolor, otorgado por la Escuela Panamericana para el estudio y tratamiento del dolor.<\/p>\n<p><a><img loading=\"lazy\" class=\"alignright size-thumbnail wp-image-176\" style=\"margin: 20px;\" title=\"DANY\" src=\"http:\/\/www.institutodemedicinaalternativa.com\/sitio\/wp-content\/uploads\/DANY-150x150.jpg\" alt=\"\" width=\"150\" height=\"150\" \/><\/a><\/p>\n<p>. Experiencia en cardiolog\u00eda cl\u00ednica, durante dos a\u00f1os, en el Instituto de\u00a0\u00a0 Investigaciones m\u00e9dicas Hospital Dr. Alfredo Lanari de la Universidad de Buenos Aires<\/p>\n<p>. Curso Anual de Cardiolog\u00eda Cl\u00ednica en el Hospital Dr. Carlos G. Durand.<\/p>\n<p>. Formaci\u00f3n en cl\u00ednica m\u00e9dica en el Instituto de Investigaciones M\u00e9dicas de la Universidad de Buenos Aires\u00a0 Hospital Dr. Alfredo \u00a0\u00a0 Lanari y en el Hospital Dr. Carlos G. Durand.<\/p>\n<p>. Experiencia en cirug\u00eda, en la residencia en el Hospital Bartolom\u00e9 Churruca.<\/p>\n<p>. Formaci\u00f3n en Terapia Intensiva en el Hospital Dr. Carlos G. Durand en el curso de dos a\u00f1os.<\/p>\n<p>. Miembro Titular de la Comisi\u00f3n de Tumores (c\u00e1ncer) 1980-90 en el Hospital Dr. Carlos G. Durand.<\/p>\n<p>. Miembro Titular de la Asociaci\u00f3n M\u00e9dica Homeop\u00e1tica Argentina, desde 1986.<\/p>\n<p>. Miembro Titular de la Liga Homeop\u00e1tica Internacional, desde 1987.<\/p>\n<p>. Coordinador General y Jefe de Terapia Intensiva de la empresa Hahnemann, Servicios de Medicina, desde el 13\/04\/87 al 10\/03\/95, Buenos Aires, Rep\u00fablica \u00a0Argentina.<\/p>\n<p>. La concurrencia a cursos, simposios y conferencias de\u00a0 diferentes disciplinas de la Medicina Interna.<\/p>\n<p>. Curso Anual de Homeopat\u00eda Cl\u00ednica 1985, de la Asociaci\u00f3n M\u00e9dica Homeop\u00e1tica Argentina, Presidente Dr. Francisco Xavier Eizayaga.<\/p>\n<p>. Curso Anual de Homeopat\u00eda Cl\u00ednica 1986, de la Asociaci\u00f3n M\u00e9dica Homeop\u00e1tica Argentina, Presidente Dr. Francisco Xavier Eizayaga.<\/p>\n<p>. Curso Anual de Homeopat\u00eda Cl\u00ednica 2001, de la Asociaci\u00f3n M\u00e9dica Homeop\u00e1tica Argentina, el Presidente Dr. Mario Draiman.<\/p>\n<p>. Curso Anual de Homeopat\u00eda Cl\u00ednica 2002, de la Asociaci\u00f3n M\u00e9dica Homeop\u00e1tica Argentina,\u00a0 Presidente Dr. Mario Draiman.<\/p>\n<p>. Curso Anual de Homeopat\u00eda Cl\u00ednica 2003, de la Asociaci\u00f3n M\u00e9dica Homeop\u00e1tica Argentina,\u00a0 Presidente Dr. Mario Draiman.<\/p>\n<p>. Cursos en fitomedicina (fitoterapia).<\/p>\n<p>. <em><strong>Tratamientos con medicina alternativa, complementaria, fisiol\u00f3gica, nutricional y fitoterape\u00fatica<\/strong> <\/em>para la <em><strong>recuperaci\u00f3n<\/strong> <\/em>de los pacientes de<strong> alto riesgo<\/strong> en <em><strong>Enfermedad Coronaria<\/strong>,<strong> Cardiomiopat\u00eda dilatada Idiop\u00e1tica<\/strong>, <strong>Cirrosis Hep\u00e1tica, Post Alcoholismo<\/strong>, Lisis de C\u00e1lculos Vesiculares, Trastornos de Colesterol y Triglic\u00e9ridos, Depresi\u00f3n,<\/em> <strong><em>Enfermedad de<\/em><\/strong> <strong><em>Parkinson<\/em><\/strong> <strong><em>(nuevo tratamiento, \u00a0mejoran los s\u00edntomas de la enfermedad en 60 minutos)<\/em><\/strong>, <em>Esclerosis M\u00faltiple, <strong>Enfermedad de Alzheimer( nuevo tratamiento)<\/strong>, \u00a0Enfermedad Renal, <strong>Litiasis Renal<\/strong>, <strong>Psoriasis<\/strong>, <strong>Enfermedad Vascular Perif\u00e9rica<\/strong>, <strong>Oncolog\u00eda cl\u00ednica, artritis, artrosis,<\/strong>\u00a0etc.<\/em><\/p>\n<p>. Programa Radial \u00abMedicina Natural\u00bb, durante los a\u00f1os noventa, donde se desarrollaron temas sobre la aplicaci\u00f3n de las medicinas naturales (elementos del reino \u00a0mineral, animal y vegetal) en el tratamiento de enfermedades.<\/p>\n<p>. Otros estudios: medicina alternativa y complementaria, que incluye medicina nutricional-celular,\u00a0 acupuntura,\u00a0 auriculoterapia, quiropraxia, osteopat\u00eda y medicina \u00a0china, entre otras.<\/p>\n<p>La vasta experiencia que poseo en Medicina Interna y Hol\u00edstica me ha posibilitado adoptar un enfoque diferente en el tratamiento de las enfermedades, evitando los\u00a0efectos colaterales que pueden generarse con la medicina tradicional, en la que cada especialista se enfoca en el \u00e1rea que hace a su disciplina, prescribiendo\u00a0medicamentos espec\u00edficos para la dolencia que trata, perdiendo la noci\u00f3n global del ser humano en su totalidad (cuerpo y esp\u00edritu), situaci\u00f3n que muchas veces puede\u00a0ocasionar el surgimiento de nuevas enfermedades y hasta poner al paciente en riesgo de vida al usar drogas t\u00f3xicas.<\/p>\n<p>Actualmente, el Dr. Carlos Daniel Ducasse atiende en la Ciudad de Buenos Aires, pacientes de Argentina y distintos lugares del mundo, como ser Chile, Brasil,\u00a0Paraguay, Uruguay, Per\u00fa, Venezuela, M\u00e9xico, Estados Unidos, Inglaterra, Espa\u00f1a, Alemania, Suiza,Holanda y es consultado por M\u00e9dicos de diferentes puntos del\u00a0mundo.<\/p>\n<table width=\"477\">\n<tbody>\n<tr>\n<td width=\"242\"><em><strong><span style=\"color: #000000;\"><u>Ducasse Agustina<\/u><\/span><\/strong><\/em><\/p>\n<p><em><span style=\"color: #008000;\">Lic. En Psicolog\u00eda con orientaci\u00f3n en Neurociencias-<\/span> <strong>en curso<\/strong>&#8211;<\/em><\/p>\n<p><em>\u00a0<\/em><\/p>\n<p>Villa Urquiza, Buenos Aires, Argentina<\/p>\n<p>(11) 6192-0197<\/p>\n<p>agustina.ad@hotmail.com<\/td>\n<td width=\"235\"><a href=\"http:\/\/www.institutodemedicinaalternativa.com\/sitio\/wp-content\/uploads\/11800496_10205351848935208_1017563440630884764_n-1.jpg\" rel=\"attachment wp-att-1224\"><img loading=\"lazy\" class=\"alignright size-medium wp-image-1224\" src=\"http:\/\/www.institutodemedicinaalternativa.com\/sitio\/wp-content\/uploads\/11800496_10205351848935208_1017563440630884764_n-1-300x300.jpg\" alt=\"11800496_10205351848935208_1017563440630884764_n (1)\" width=\"300\" height=\"300\" srcset=\"https:\/\/www.institutodemedicinaalternativa.com\/sitio\/wp-content\/uploads\/11800496_10205351848935208_1017563440630884764_n-1-300x300.jpg 300w, https:\/\/www.institutodemedicinaalternativa.com\/sitio\/wp-content\/uploads\/11800496_10205351848935208_1017563440630884764_n-1-150x150.jpg 150w, https:\/\/www.institutodemedicinaalternativa.com\/sitio\/wp-content\/uploads\/11800496_10205351848935208_1017563440630884764_n-1.jpg 752w\" sizes=\"(max-width: 300px) 100vw, 300px\" \/><\/a><\/td>\n<\/tr>\n<\/tbody>\n<\/table>\n<p><em><u>Perfil<\/u><\/em><\/p>\n<p><em>\u00a0<\/em><\/p>\n<p>Gran sentido de responsabilidad as\u00ed como alta vocaci\u00f3n de servicio, capaz de generar valor agregado a la organizaci\u00f3n mediante creaci\u00f3n de ideas e iniciativa propia para la resoluci\u00f3n de problemas. Habilidad para enfrentar situaciones de desaf\u00edo y superaci\u00f3n.<\/p>\n<p><em><u>Habilidades<\/u><\/em>\u00a0\u00a0\u00a0\u00a0\u00a0\u00a0\u00a0\u00a0 \u00a0<strong>Manejo de Paquete Office<\/strong> &#8211; <strong>Ingl\u00e9s Avanzado<\/strong><\/p>\n<p><em><u>Experiencia<\/u><\/em><\/p>\n<p><strong>INECO \u2013 Instituto de Neurociencias Cognitiva<\/strong>\u00a0\u00a0\u00a0\u00a0\u00a0\u00a0\u00a0\u00a0\u00a0\u00a0\u00a0\u00a0\u00a0\u00a0\u00a0\u00a0\u00a0\u00a0\u00a0\u00a0\u00a0\u00a0\u00a0\u00a0\u00a0\u00a0\u00a0\u00a0\u00a0\u00a0\u00a0\u00a0\u00a0\u00a0\u00a0\u00a0\u00a0\u00a0\u00a0\u00a0\u00a0\u00a0\u00a0\u00a0\u00a0\u00a0 2016<\/p>\n<p><em>Evaluaci\u00f3n Neuropsicol\u00f3gica<\/em><\/p>\n<p>Administraci\u00f3n del IFS (Ineco Frontal Screening) y ACE- III (Addenbrooke\u2019s Cognitive Examination) en adultos mayores para detectar demencia temprana y realizar una investigaci\u00f3n a partir de los datos obtenidos.<\/p>\n<p><strong> ALUBA- Asociaci\u00f3n de Lucha contra la Bulimia y la Anorexia\u00a0\u00a0\u00a0\u00a0\u00a0\u00a0\u00a0\u00a0 \u00a0\u00a0\u00a0\u00a0\u00a0\u00a0\u00a0\u00a0\u00a0\u00a0\u00a0\u00a0\u00a0\u00a0\u00a0\u00a0\u00a0\u00a0\u00a0\u00a0\u00a0\u00a0\u00a0\u00a0<\/strong>2017<\/p>\n<p>Pacientes con patolog\u00eda alimentaria, trastorno bipolar, TOC y trastorno l\u00edmite de la personalidad en modalidad Hospital de D\u00eda.<\/p>\n<p><strong>REDAT <\/strong>\u00a0\u00a0\u00a0\u00a0\u00a0\u00a0\u00a0\u00a0\u00a0\u00a0\u00a0\u00a0\u00a0\u00a0\u00a0\u00a0\u00a0\u00a0\u00a0\u00a0\u00a0\u00a0\u00a0\u00a0\u00a0\u00a0\u00a0\u00a0\u00a0\u00a0\u00a0\u00a0\u00a0\u00a0\u00a0\u00a0\u00a0\u00a0\u00a0\u00a0\u00a0\u00a0\u00a0\u00a0\u00a0\u00a0\u00a0\u00a0\u00a0\u00a0\u00a0\u00a0\u00a0\u00a0\u00a0\u00a0\u00a0\u00a0\u00a0\u00a0\u00a0\u00a0\u00a0\u00a0\u00a0\u00a0\u00a0\u00a0\u00a0\u00a0\u00a0\u00a0\u00a0\u00a0\u00a0\u00a0\u00a0\u00a0\u00a0\u00a0\u00a0\u00a0\u00a0\u00a0\u00a0\u00a0\u00a0\u00a0\u00a0\u00a0\u00a0\u00a0\u00a0\u00a0\u00a0\u00a0\u00a0\u00a0\u00a0\u00a0\u00a0\u00a0\u00a0\u00a0\u00a0\u00a0\u00a0\u00a0\u00a0\u00a0\u00a0\u00a0\u00a0\u00a0\u00a0\u00a0\u00a0\u00a0\u00a0\u00a0\u00a0\u00a0\u00a0\u00a0\u00a0\u00a0\u00a0\u00a0\u00a0\u00a0\u00a0\u00a0\u00a0\u00a0\u00a0\u00a0\u00a0\u00a0\u00a0\u00a0\u00a0\u00a0\u00a0\u00a0\u00a0\u00a0\u00a0\u00a02017<\/p>\n<p>Acompa\u00f1amiento terap\u00e9utico a pacientes con distintas patolog\u00edas<\/p>\n<p><em> <u>Rotaciones<\/u><\/em><\/p>\n<p><strong>Hospital Universitario Fundaci\u00f3n Favaloro\u00a0\u00a0\u00a0\u00a0\u00a0\u00a0\u00a0\u00a0\u00a0\u00a0\u00a0\u00a0\u00a0\u00a0\u00a0\u00a0\u00a0\u00a0\u00a0\u00a0\u00a0\u00a0\u00a0\u00a0\u00a0\u00a0 <\/strong><\/p>\n<p>\u00c1rea de Cardiolog\u00eda \u2013 Adherencia al tratamiento<\/p>\n<p>Entrevistas semi-estructuradas a pacientes en internaci\u00f3n.<\/p>\n<p><strong>Instituto de Neurociencias Fundaci\u00f3n Favaloro<\/strong><\/p>\n<p>Entrevistas semi- estructuradas a candidatos a trasplante.<\/p>\n<p><strong>Cl\u00ednica Privada Banfield<\/strong><\/p>\n<p>Consultorios externos, guardias, Hospital de D\u00eda, grupos e internaci\u00f3n.<\/p>\n<p><strong>Empresa RH Cognitivo<\/strong><\/p>\n<p>\u00c1rea de Recursos Humanos (RRHH). Otorgamiento de Licencias y su extensi\u00f3n, psicot\u00e9cnicos. Administraci\u00f3n de T\u00e9cnicas Psicom\u00e9tricas (STROOP, Figura de Rey, Fluencia Verbal).<\/p>\n<p><strong>Centro Privado de Psicoterapias<\/strong><\/p>\n<p>Clases de Posgrado sobre \u201cInvestigaci\u00f3n en Psicoterapia y Terapia Focalizada\u201d.<\/p>\n<p><strong>Instituto Oral Modelo (IOM)<\/strong><\/p>\n<p>Entrevistas y hora de juego con ni\u00f1os hipoac\u00fasicos.<\/p>\n<p><strong>Instituto San Rom\u00e1n<\/strong><\/p>\n<p>Entrevistas semi-estructuradas a adolescentes y administraci\u00f3n del Inventario de Intereses de Holland con fines de Orientaci\u00f3n Vocacional. Talleres grupales.<\/p>\n<p><strong>Jard\u00edn 909 \u201cDe las Am\u00e9ricas\u201d<\/strong><\/p>\n<p>Charla a ni\u00f1os sobre cuidado y conocimiento del cerebro.<\/p>\n<p><strong>INECO- Instituto de Neurociencias Cognitiva<\/strong><\/p>\n<p>An\u00e1lisis a sujetos control biling\u00fces para conocer el procesamiento l\u00e9xico a trav\u00e9s de t\u00e9cnica de EEG- Electroencefalograma.<\/p>\n<p><strong>Hospital Municipal Jos\u00e9 Tiburcio Borda<\/strong><\/p>\n<p>Entrevistas abiertas a pacientes y familiares en el \u00e1rea de internaci\u00f3n.<\/p>\n<p><strong>INECO-Cuarta Caminata Internacional por el Alzheimer<\/strong><\/p>\n<p>Organizadora.<\/p>\n<p><strong>Hospital Interzonal General de Agudos Eva Per\u00f3n- Ex Castex<\/strong><\/p>\n<p>\u00c1rea de psicoprofilaxis quir\u00fargica &#8211; Cardiolog\u00eda<\/p>\n<p><em><u>Educaci\u00f3n<\/u><\/em>\u00a0\u00a0\u00a0\u00a0\u00a0\u00a0\u00a0\u00a0\u00a0\u00a0\u00a0\u00a0 <strong>Universidad Favaloro <\/strong>\u00a0\u00a0\u00a0\u00a0\u00a0\u00a0\u00a0\u00a0\u00a0\u00a0\u00a0\u00a0\u00a0\u00a0\u00a0\u00a0\u00a0\u00a0\u00a0\u00a0\u00a0\u00a0\u00a0\u00a0\u00a0\u00a0\u00a0\u00a0\u00a0\u00a0\u00a0\u00a0\u00a0\u00a0\u00a0\u00a0\u00a0\u00a0\u00a0\u00a0\u00a0\u00a0\u00a0 2011-2016<\/p>\n<p><em>\u00a0\u00a0\u00a0\u00a0\u00a0\u00a0\u00a0\u00a0\u00a0\u00a0\u00a0\u00a0\u00a0\u00a0\u00a0\u00a0\u00a0\u00a0\u00a0\u00a0\u00a0\u00a0\u00a0\u00a0\u00a0\u00a0\u00a0\u00a0\u00a0\u00a0\u00a0\u00a0\u00a0\u00a0 <\/em>Facultad de Ciencias Humanas y de la Conducta<\/p>\n<p><em>\u00a0\u00a0\u00a0\u00a0\u00a0\u00a0\u00a0\u00a0\u00a0\u00a0\u00a0\u00a0\u00a0\u00a0\u00a0\u00a0\u00a0\u00a0\u00a0\u00a0\u00a0\u00a0\u00a0\u00a0\u00a0\u00a0\u00a0\u00a0\u00a0\u00a0\u00a0\u00a0 <\/em><\/p>\n<p><em>\u00a0<\/em><\/p>\n<p><strong>\u00a0\u00a0\u00a0\u00a0\u00a0\u00a0\u00a0\u00a0\u00a0\u00a0\u00a0\u00a0\u00a0\u00a0\u00a0\u00a0\u00a0\u00a0\u00a0\u00a0\u00a0\u00a0\u00a0\u00a0\u00a0\u00a0\u00a0\u00a0\u00a0\u00a0 Universidad de Buenos Aires \u2013 Capacitarte\u00a0\u00a0\u00a0\u00a0\u00a0\u00a0\u00a0\u00a0\u00a0\u00a0\u00a0\u00a0\u00a0\u00a0\u00a0\u00a0\u00a0\u00a0\u00a0\u00a0 \u00a0\u00a0\u00a0<\/strong>2016<\/p>\n<p>Curso de Asistente en Recursos Humanos (RR.HH)<\/p>\n<p><strong>Actualmente realizando Tesis de Grado\u00a0\u00a0\u00a0\u00a0\u00a0\u00a0\u00a0\u00a0\u00a0\u00a0\u00a0\u00a0\u00a0\u00a0\u00a0\u00a0\u00a0\u00a0\u00a0\u00a0\u00a0\u00a0\u00a0\u00a0\u00a0\u00a0\u00a0\u00a0 \u00a0<\/strong>2017<\/p>\n<p>Evaluaci\u00f3n de niveles de Burnout y Depresi\u00f3n en Profesoras de Nivel Inicial del Conurbano Bonaerense.<\/p>\n<p><strong>ETEO \u2013 Equipo de Terapia Cognitiva y Evaluaci\u00f3n\u00a0\u00a0\u00a0\u00a0\u00a0\u00a0\u00a0\u00a0\u00a0\u00a0\u00a0\u00a0 <\/strong> 2014<\/p>\n<p>Curso de Psicolog\u00eda de la Emergencia: Primeros auxilios emocionales en emergencias y desastres.<\/p>\n<p><em><u>Charlas y Congresos<\/u><\/em><\/p>\n<p><strong>Simposio Internacional de Neurociencias Fundaci\u00f3n INECO- L\u00f3bulos Frontales: del Laboratorio a la Cl\u00ednica.\u00a0\u00a0\u00a0\u00a0\u00a0\u00a0\u00a0\u00a0 \u00a0\u00a0\u00a0\u00a0\u00a0\u00a0\u00a0\u00a0\u00a0\u00a0\u00a0\u00a0\u00a0\u00a0\u00a0\u00a0\u00a0\u00a0\u00a0\u00a0\u00a0\u00a0\u00a0\u00a0\u00a0\u00a0\u00a0\u00a0\u00a0\u00a0\u00a0\u00a0\u00a0\u00a0\u00a0\u00a0\u00a0\u00a0\u00a0\u00a0\u00a0\u00a0\u00a0\u00a0\u00a0\u00a0\u00a0\u00a0\u00a0\u00a0\u00a0\u00a0\u00a0\u00a0<\/strong> 2012<\/p>\n<p><strong>I y II Simposio Internacional N\u00facleo UDP- Fundaci\u00f3n INECO: Nuevos Desaf\u00edos \u00c9ticos en las Neurociencias Cognitivas.\u00a0\u00a0\u00a0\u00a0\u00a0\u00a0\u00a0\u00a0\u00a0\u00a0\u00a0\u00a0\u00a0\u00a0\u00a0\u00a0\u00a0\u00a0\u00a0\u00a0\u00a0\u00a0\u00a0\u00a0\u00a0\u00a0\u00a0\u00a0\u00a0\u00a0\u00a0\u00a0 \u00a0\u00a0\u00a0\u00a0\u00a0\u00a0\u00a0\u00a0\u00a0\u00a0\u00a0\u00a0\u00a0<\/strong> 2013<\/p>\n<p><strong>\u00a0<\/strong><\/p>\n<p><strong>Cuarto Simposio de Neurociencias de la Fundaci\u00f3n INECO. Presente y Futuro en Neurolog\u00eda: nuevos enfoques, nuevos tratamientos.<\/strong>\u00a0\u00a0\u00a0\u00a0\u00a0\u00a0\u00a0\u00a0\u00a0\u00a0\u00a0\u00a0\u00a0\u00a0\u00a0\u00a0\u00a0\u00a0\u00a0\u00a0\u00a0\u00a0\u00a0\u00a0\u00a0\u00a0\u00a0\u00a0\u00a0\u00a0\u00a0\u00a0\u00a0\u00a0 2014<\/p>\n","protected":false},"excerpt":{"rendered":"<p>Dr. Carlos Daniel Ducasse . T\u00edtulo de m\u00e9dico otorgado por la Universidad de Buenos Aires, Rep\u00fablica Argentina, a\u00f1o 1982 . . T\u00edtulo de Especialista en Cl\u00ednica M\u00e9dica, otorgado por el Ministerio de Salud P\u00fablica de la Naci\u00f3n. . T\u00edtulo de M\u00e9dico Home\u00f3pata, otorgado por la AMHA (Asociaci\u00f3n M\u00e9dica Homeop\u00e1tica Argentina). .T\u00edtulo de M\u00e9dico en Nutrici\u00f3n [&hellip;]<\/p>\n","protected":false},"author":1,"featured_media":0,"parent":0,"menu_order":4,"comment_status":"open","ping_status":"open","template":"","meta":[],"_links":{"self":[{"href":"https:\/\/www.institutodemedicinaalternativa.com\/sitio\/wp-json\/wp\/v2\/pages\/21"}],"collection":[{"href":"https:\/\/www.institutodemedicinaalternativa.com\/sitio\/wp-json\/wp\/v2\/pages"}],"about":[{"href":"https:\/\/www.institutodemedicinaalternativa.com\/sitio\/wp-json\/wp\/v2\/types\/page"}],"author":[{"embeddable":true,"href":"https:\/\/www.institutodemedicinaalternativa.com\/sitio\/wp-json\/wp\/v2\/users\/1"}],"replies":[{"embeddable":true,"href":"https:\/\/www.institutodemedicinaalternativa.com\/sitio\/wp-json\/wp\/v2\/comments?post=21"}],"version-history":[{"count":33,"href":"https:\/\/www.institutodemedicinaalternativa.com\/sitio\/wp-json\/wp\/v2\/pages\/21\/revisions"}],"predecessor-version":[{"id":1499,"href":"https:\/\/www.institutodemedicinaalternativa.com\/sitio\/wp-json\/wp\/v2\/pages\/21\/revisions\/1499"}],"wp:attachment":[{"href":"https:\/\/www.institutodemedicinaalternativa.com\/sitio\/wp-json\/wp\/v2\/media?parent=21"}],"curies":[{"name":"wp","href":"https:\/\/api.w.org\/{rel}","templated":true}]}}