{"id":213,"date":"2010-11-02T17:45:00","date_gmt":"2010-11-02T20:45:00","guid":{"rendered":"http:\/\/www.institutodemedicinaalternativa.com\/sitio\/"},"modified":"2010-11-03T13:40:28","modified_gmt":"2010-11-03T16:40:28","slug":"enfermedades","status":"publish","type":"page","link":"https:\/\/www.institutodemedicinaalternativa.com\/sitio\/servicios\/medicina-del-dolor\/home\/enfermedades\/","title":{"rendered":"Enfermedades Tratadas"},"content":{"rendered":"<table width=\"100%\" border=\"0\" cellspacing=\"0\" cellpadding=\"0\">\n<tr>\n<td valign=\"top\">Acides Estomacal<br \/>\nAcn\u00e9<br \/>\nAlergias<br \/>\nArrugas Faciales<br \/>\nArtritis Reumatoidea<br \/>\nArtrosis<br \/>\nAsma Bronquial<br \/>\nCa\u00edda de Pelo<br \/>\nC\u00e1lculo de Ves\u00edcula<br \/>\nC\u00e1ncer<br \/>\nCelulitis &#8211; Mesoterapia<br \/>\nCirrosis Hep\u00e1tica<br \/>\nColesterol &#8211; Triglic\u00e9ridos<br \/>\nC\u00f3lon Irritable<br \/>\nDepresi\u00f3n<\/td>\n<td valign=\"top\">Dolor de Cabeza<br \/>\nDolores Musculares<br \/>\nEnfermedad Coronaria<br \/>\nEnfermedad Renal<br \/>\nEnfermedad Vascular<br \/>\nEstr\u00e9s &#8211; Memoria<br \/>\nHemorroides<br \/>\nHipertrofia Prost\u00e1tica<br \/>\nInfecciones e Inmunidad<br \/>\nInflamaci\u00f3n Intestinal<br \/>\nMenopausia<br \/>\nMiocardiopat\u00eda Dilatada<br \/>\nObesidad<br \/>\nOsteoporosis<br \/>\nPsoriasis<\/td>\n<\/tr>\n<\/table>\n","protected":false},"excerpt":{"rendered":"<p>Acides Estomacal Acn\u00e9 Alergias Arrugas Faciales Artritis Reumatoidea Artrosis Asma Bronquial Ca\u00edda de Pelo C\u00e1lculo de Ves\u00edcula C\u00e1ncer Celulitis &#8211; Mesoterapia Cirrosis Hep\u00e1tica Colesterol &#8211; Triglic\u00e9ridos C\u00f3lon Irritable Depresi\u00f3n Dolor de Cabeza Dolores Musculares Enfermedad Coronaria Enfermedad Renal Enfermedad Vascular Estr\u00e9s &#8211; Memoria Hemorroides Hipertrofia Prost\u00e1tica Infecciones e Inmunidad Inflamaci\u00f3n Intestinal Menopausia Miocardiopat\u00eda Dilatada Obesidad [&hellip;]<\/p>\n","protected":false},"author":1,"featured_media":0,"parent":181,"menu_order":1,"comment_status":"closed","ping_status":"open","template":"","meta":[],"_links":{"self":[{"href":"https:\/\/www.institutodemedicinaalternativa.com\/sitio\/wp-json\/wp\/v2\/pages\/213"}],"collection":[{"href":"https:\/\/www.institutodemedicinaalternativa.com\/sitio\/wp-json\/wp\/v2\/pages"}],"about":[{"href":"https:\/\/www.institutodemedicinaalternativa.com\/sitio\/wp-json\/wp\/v2\/types\/page"}],"author":[{"embeddable":true,"href":"https:\/\/www.institutodemedicinaalternativa.com\/sitio\/wp-json\/wp\/v2\/users\/1"}],"replies":[{"embeddable":true,"href":"https:\/\/www.institutodemedicinaalternativa.com\/sitio\/wp-json\/wp\/v2\/comments?post=213"}],"version-history":[{"count":6,"href":"https:\/\/www.institutodemedicinaalternativa.com\/sitio\/wp-json\/wp\/v2\/pages\/213\/revisions"}],"predecessor-version":[{"id":225,"href":"https:\/\/www.institutodemedicinaalternativa.com\/sitio\/wp-json\/wp\/v2\/pages\/213\/revisions\/225"}],"up":[{"embeddable":true,"href":"https:\/\/www.institutodemedicinaalternativa.com\/sitio\/wp-json\/wp\/v2\/pages\/181"}],"wp:attachment":[{"href":"https:\/\/www.institutodemedicinaalternativa.com\/sitio\/wp-json\/wp\/v2\/media?parent=213"}],"curies":[{"name":"wp","href":"https:\/\/api.w.org\/{rel}","templated":true}]}}