{"id":276,"date":"2012-05-25T23:46:45","date_gmt":"2012-05-26T02:46:45","guid":{"rendered":"http:\/\/www.institutodemedicinaalternativa.com\/sitio\/"},"modified":"2018-07-24T12:47:23","modified_gmt":"2018-07-24T15:47:23","slug":"consultas-on-line","status":"publish","type":"page","link":"https:\/\/www.institutodemedicinaalternativa.com\/sitio\/servicios\/consultas-on-line\/","title":{"rendered":"Consultas on line"},"content":{"rendered":"<p><a href=\"http:\/\/www.institutodemedicinaalternativa.com\/sitio\/wp-content\/uploads\/Diapositiva129.jpg\"><img loading=\"lazy\" class=\"aligncenter size-medium wp-image-536\" title=\"Diapositiva1\" src=\"http:\/\/www.institutodemedicinaalternativa.com\/sitio\/wp-content\/uploads\/Diapositiva129-300x225.jpg\" alt=\"\" width=\"300\" height=\"225\" srcset=\"https:\/\/www.institutodemedicinaalternativa.com\/sitio\/wp-content\/uploads\/Diapositiva129-300x225.jpg 300w, https:\/\/www.institutodemedicinaalternativa.com\/sitio\/wp-content\/uploads\/Diapositiva129.jpg 720w\" sizes=\"(max-width: 300px) 100vw, 300px\" \/><\/a><\/p>\n<p><strong><em>El servicio de consultas on line<\/em><\/strong> es ofrecido para aquellos pacientes que, por razones de distancia o imposibilidad de traslado,<strong><em> no pueden concurrir al<\/em> <\/strong><em><strong>consultorio de Capital Federal (Buenos Aires- Argentina)<\/strong><\/em><br \/>\nPara la<em><strong> prestaci\u00f3n de este servicio <\/strong><\/em>el <em>paciente<\/em> deber\u00e1, <strong><em>previo pago<\/em><\/strong> de los<em> honorarios<\/em> profesionales correspondientes <strong>(150<em><strong>\u00a0<\/strong>d\u00f3lares <\/em><\/strong>o su equivalente en pesos) para pacientes <span style=\"text-decoration: underline;\"><em>radicados en la Rep\u00fablica Argentina<\/em><\/span>; por medio de<em><em> transferencia bancaria; para pacientes<\/em><span style=\"text-decoration: underline;\"><em> radicados en el exterior<\/em><\/span><strong><em>( 500<\/em>\u00a0d\u00f3lares )<\/strong><\/em>, enviar por <em>mail<\/em> un resumen de<em> historia cl\u00ednica y estudios realizados hasta la fecha<\/em>, <em><strong>primero<\/strong><\/em> le env\u00edo por mail un <strong><span style=\"text-decoration: underline;\">cuestionario para responder y confeccionar la HISTORIA CL\u00cdNICA<\/span><\/strong>, \u00a0aclaramos <em>dudas<\/em> por<strong><em> SKYPE<\/em><\/strong> y luego de mi diagn\u00f3stico, confecciono el tratamiento adecuado para su caso y la<em> indicaci\u00f3n terap\u00e9utica la env\u00edo por mail<\/em>, \u00a0la<em> prescripci\u00f3n<\/em> de los medicamentos es para 30 o 60 d\u00edas de tratamiento, debiendo contar con un familiar en la Ciudad de Buenos Aires que pueda retirar las prescripciones m\u00e9dicas aconsejadas. Los medicamentos son enviados al interior del Pa\u00eds <strong><em>contra reembolso<\/em><\/strong> desde las <em>farmacias.<\/em><\/p>\n<p><strong><em><a href=\"mailto:info@iamac.com.ar\" target=\"_blank\">info@iamac.com.ar<\/a><\/em><\/strong><\/p>\n","protected":false},"excerpt":{"rendered":"<p>El servicio de consultas on line es ofrecido para aquellos pacientes que, por razones de distancia o imposibilidad de traslado, no pueden concurrir al consultorio de Capital Federal (Buenos Aires- Argentina) Para la prestaci\u00f3n de este servicio el paciente deber\u00e1, previo pago de los honorarios profesionales correspondientes (150\u00a0d\u00f3lares o su equivalente en pesos) para pacientes [&hellip;]<\/p>\n","protected":false},"author":1,"featured_media":0,"parent":192,"menu_order":0,"comment_status":"closed","ping_status":"open","template":"","meta":[],"_links":{"self":[{"href":"https:\/\/www.institutodemedicinaalternativa.com\/sitio\/wp-json\/wp\/v2\/pages\/276"}],"collection":[{"href":"https:\/\/www.institutodemedicinaalternativa.com\/sitio\/wp-json\/wp\/v2\/pages"}],"about":[{"href":"https:\/\/www.institutodemedicinaalternativa.com\/sitio\/wp-json\/wp\/v2\/types\/page"}],"author":[{"embeddable":true,"href":"https:\/\/www.institutodemedicinaalternativa.com\/sitio\/wp-json\/wp\/v2\/users\/1"}],"replies":[{"embeddable":true,"href":"https:\/\/www.institutodemedicinaalternativa.com\/sitio\/wp-json\/wp\/v2\/comments?post=276"}],"version-history":[{"count":28,"href":"https:\/\/www.institutodemedicinaalternativa.com\/sitio\/wp-json\/wp\/v2\/pages\/276\/revisions"}],"predecessor-version":[{"id":1302,"href":"https:\/\/www.institutodemedicinaalternativa.com\/sitio\/wp-json\/wp\/v2\/pages\/276\/revisions\/1302"}],"up":[{"embeddable":true,"href":"https:\/\/www.institutodemedicinaalternativa.com\/sitio\/wp-json\/wp\/v2\/pages\/192"}],"wp:attachment":[{"href":"https:\/\/www.institutodemedicinaalternativa.com\/sitio\/wp-json\/wp\/v2\/media?parent=276"}],"curies":[{"name":"wp","href":"https:\/\/api.w.org\/{rel}","templated":true}]}}