{"id":833,"date":"2014-11-23T12:10:25","date_gmt":"2014-11-23T15:10:25","guid":{"rendered":"http:\/\/www.institutodemedicinaalternativa.com\/sitio\/"},"modified":"2025-11-03T21:35:06","modified_gmt":"2025-11-04T00:35:06","slug":"cremas-ducasse","status":"publish","type":"page","link":"https:\/\/www.institutodemedicinaalternativa.com\/sitio\/cremas-ducasse\/","title":{"rendered":"Cremas Ducasse"},"content":{"rendered":"<div id=\"attachment_1150\" style=\"width: 310px\" class=\"wp-caption alignleft\"><a href=\"http:\/\/www.institutodemedicinaalternativa.com\/sitio\/wp-content\/uploads\/Ducasse-Anti-Age.jpg\" rel=\"attachment wp-att-1150\"><img aria-describedby=\"caption-attachment-1150\" loading=\"lazy\" class=\"size-medium wp-image-1150\" src=\"http:\/\/www.institutodemedicinaalternativa.com\/sitio\/wp-content\/uploads\/Ducasse-Anti-Age-300x225.jpg\" alt=\"UN NUEVO CONCEPTO EN CREMAS ANTI AGE\" width=\"300\" height=\"225\" srcset=\"https:\/\/www.institutodemedicinaalternativa.com\/sitio\/wp-content\/uploads\/Ducasse-Anti-Age-300x225.jpg 300w, https:\/\/www.institutodemedicinaalternativa.com\/sitio\/wp-content\/uploads\/Ducasse-Anti-Age-768x576.jpg 768w, https:\/\/www.institutodemedicinaalternativa.com\/sitio\/wp-content\/uploads\/Ducasse-Anti-Age-1024x768.jpg 1024w\" sizes=\"(max-width: 300px) 100vw, 300px\" \/><\/a><p id=\"caption-attachment-1150\" class=\"wp-caption-text\">UN NUEVO CONCEPTO EN CREMAS ANTI AGE<\/p><\/div>\n<h2><\/h2>\n<h2><span style=\"color: #000000;\">\u00a0<\/span><\/h2>\n<h2><span style=\"color: #000000;\">\u00a0<\/span><\/h2>\n<h2><span style=\"color: #000000;\">\u00a0<\/span><\/h2>\n<p><span style=\"text-decoration: underline; color: #000000;\"><em><strong>Por qu\u00e9 usar cremas Ducasse?<\/strong><\/em><\/span><\/p>\n<p><span style=\"color: #000000;\"><em><strong>Porque&#8230;<\/strong><\/em><\/span><\/p>\n<p><em><span style=\"color: #000000;\"><strong>***<\/strong>Las cremas, con acci\u00f3n medicinal y cosm\u00e9tica, est\u00e1n elaboradas en forma artesanal,\u00a0bajo los c\u00e1nones de la Medicina Hol\u00edstica.<\/span><\/em><\/p>\n<p><em><span style=\"color: #000000;\"><strong>***<\/strong> La materia prima,\u00a0 plantas medicinales, aceites esenciales, vitaminas, fragancias, etc,\u00a0 utilizada\u00a0 en la fabricaci\u00f3n de las cremas es\u00a0proporcionada por Laboratorios de reconocido prestigio.<\/span><\/em><\/p>\n<p><em><span style=\"color: #000000;\"><strong>***<\/strong> Cuenta con un Sistema de ajuste cl\u00ednico de los lotes <strong>(batch clinical adjustment system)<\/strong>, por lo que cada partida de cremas es sometida a controles y seguimientos cl\u00ednicos, lo que permite realizar los ajustes de f\u00f3rmula que pudieran resultar necesarios.<\/span><\/em><\/p>\n<p><em><span style=\"color: #000000;\"><strong>***<\/strong> Cuentan con la experiencia del <strong>Dr. Carlos Daniel Ducasse<\/strong>,\u00a0 con\u00a0trayectoria en Medicina\u00a0 Anti Age,\u00a0 Hol\u00edstica, Homeop\u00e1tica, Cl\u00ednica y Est\u00e9tica desde el a\u00f1o 1982, <strong>creador de las f\u00f3rmulas de las cremas que llevan su apellido<\/strong>, quien <strong>responde personalmente<\/strong> las inquietudes de todos nuestros clientes por e-mail.<\/span><\/em><\/p>\n<p><span style=\"color: #000000;\"><em><strong>***<\/strong> Recomendada por M\u00e9dicos Cl\u00ednicos, Cardi\u00f3logos, Naturistas,\u00a0 Home\u00f3patas, Neur\u00f3logos, Cirujanos Pl\u00e1sticos, Onc\u00f3logos, Traumat\u00f3logos, Dermat\u00f3logos, Kinesi\u00f3logos, Quiropr\u00e1ctcos, etc.<\/em><\/span><\/p>\n<p><span style=\"color: #000000;\"><em><strong>***<\/strong> Reconocida por\u00a0 instituciones de Argentina e internacionales de Europa y EEUU.<\/em><\/span><\/p>\n<p><span style=\"color: #000000;\"><em><strong>DUCASSE ANTI-AGE :<\/strong>\u00a0<\/em><\/span><\/p>\n<p><span style=\"text-decoration: underline; color: #808080;\"><em><strong>Con efecto volumen y piel de seda<\/strong><\/em><\/span><\/p>\n<p><em><span style=\"color: #000000;\"><strong>Un nuevo concepto en cremas anti-age<\/strong><strong>, hipoalerg\u00e9nica,<\/strong><\/span> de m\u00e1xima calidad, compuesta por <strong><span style=\"color: #000000;\">las mejores plantas medicinales y amino\u00e1cidos para la piel,<\/span><\/strong> elaborada por el <strong><span style=\"color: #000000;\">Dr Carlos Daniel Ducasse<\/span><\/strong>, que cuenta con 30 a\u00f1os de estudios y experiencia en la materia.<\/em><\/p>\n<p><em><strong style=\"color: #000000;\">Unica crema del mercado<\/strong> <strong><span style=\"color: #000000;\">que presenta todos los efectos anti-age en un s\u00f3lo producto; desinflama \u00a0(ros\u00e1cea), relaja los m\u00fasculos faciales (efecto antiarrrugas), previene arrugas de expresi\u00f3n, hidrata, nutre, repara, aumenta la oxigenaci\u00f3n, mejora la despigmentaci\u00f3n (vitiligo) y la elasticidad, estimula el recambio celular, protege las fibras de col\u00e1geno y elastina, blanquea la piel (manchas solares) y filtra los rayos solares UV; pudiendo usarse como crema de d\u00eda y de noche.<\/span><\/strong><\/em><\/p>\n<p>Entre sus componentes m\u00e1s destacados se encuentran:<em><strong><span style=\"color: #000000;\">\u00a0Aloe Vera, Ginkgo Biloba, Extracto de Ar\u00e1ndano, Manzanilla, \u00a0Jengibre, Bromelina, Aceite Esencial de Rosa Mosqueta, ADN Vegetal, \u00c1cido Hialur\u00f3nico, Passiflora, y se halla suavemente perfumada con aceite esencial de Rosa Mosqueta..<\/span><\/strong><\/em><\/p>\n<p><em><strong><span style=\"color: #000000;\">Presentaci\u00f3n: frasco por 60 grs.<\/span><\/strong><\/em><\/p>\n<h2><\/h2>\n<p><video controls=\"controls\" width=\"540\" height=\"304\"><source src=\"\/sitio\/wp-content\/videos\/antiage-sm.mp4\" type=\"video\/mp4\" \/><\/video><\/p>\n<h2><\/h2>\n<h2><span style=\"color: #ff9900;\"><em>DUCASSE ANTI AGE NOCHE:<\/em><\/span><\/h2>\n<p><span style=\"color: #ff9900;\"><em><span style=\"text-decoration: underline;\">***Nutrici\u00f3n intensa y profunda***<\/span><\/em><\/span><\/p>\n<h2><em>\u00a0<\/em><\/h2>\n<div id=\"attachment_1149\" style=\"width: 310px\" class=\"wp-caption alignleft\"><a href=\"http:\/\/www.institutodemedicinaalternativa.com\/sitio\/wp-content\/uploads\/Ducasse-Anti-Age-Noche.jpg\" rel=\"attachment wp-att-1149\"><img aria-describedby=\"caption-attachment-1149\" loading=\"lazy\" class=\"size-medium wp-image-1149\" src=\"http:\/\/www.institutodemedicinaalternativa.com\/sitio\/wp-content\/uploads\/Ducasse-Anti-Age-Noche-300x225.jpg\" alt=\"DUCASSE ANTI AGE NOCHE *NUTRICI\u00d3N INTENSA Y PROFUNDA*\" width=\"300\" height=\"225\" srcset=\"https:\/\/www.institutodemedicinaalternativa.com\/sitio\/wp-content\/uploads\/Ducasse-Anti-Age-Noche-300x225.jpg 300w, https:\/\/www.institutodemedicinaalternativa.com\/sitio\/wp-content\/uploads\/Ducasse-Anti-Age-Noche-768x576.jpg 768w, https:\/\/www.institutodemedicinaalternativa.com\/sitio\/wp-content\/uploads\/Ducasse-Anti-Age-Noche-1024x768.jpg 1024w\" sizes=\"(max-width: 300px) 100vw, 300px\" \/><\/a><p id=\"caption-attachment-1149\" class=\"wp-caption-text\">DUCASSE ANTI AGE NOCHE<br \/>*NUTRICI\u00d3N INTENSA Y PROFUNDA*<\/p><\/div>\n<h2><em>\u00a0<\/em><\/h2>\n<p id=\"yui_3_16_0_ym19_1_1493670972993_4376\"><span id=\"yui_3_16_0_ym19_1_1493670972993_4380\" style=\"color: #000000;\"><strong><em>DUCASSE ANTI AGE NOCHE<\/em><\/strong>\u2764\ufe0f\u2764\ufe0f<\/span><\/p>\n<p id=\"yui_3_16_0_ym19_1_1493670972993_4386\"><em><span id=\"yui_3_16_0_ym19_1_1493670972993_4385\" style=\"color: #000000;\">Nutrici\u00f3n intensa y profunda.\u00a0<\/span><\/em><\/p>\n<p id=\"yui_3_16_0_ym19_1_1493670972993_4388\"><span id=\"yui_3_16_0_ym19_1_1493670972993_4387\" style=\"color: #000000;\">\u00a0<\/span><\/p>\n<p id=\"yui_3_16_0_ym19_1_1493670972993_4391\"><span id=\"yui_3_16_0_ym19_1_1493670972993_4390\" style=\"color: #000000;\">*** Nutrici\u00f3n intensa y profunda.\u00a0<\/span><\/p>\n<p id=\"yui_3_16_0_ym19_1_1493670972993_4393\"><span id=\"yui_3_16_0_ym19_1_1493670972993_4392\" style=\"color: #000000;\">*** Acci\u00f3n anti arrugas.\u00a0<\/span><\/p>\n<p id=\"yui_3_16_0_ym19_1_1493670972993_4395\"><span id=\"yui_3_16_0_ym19_1_1493670972993_4394\" style=\"color: #000000;\">*** Desinflama.\u00a0<\/span><\/p>\n<p id=\"yui_3_16_0_ym19_1_1493670972993_4397\"><span id=\"yui_3_16_0_ym19_1_1493670972993_4396\" style=\"color: #000000;\">*** Hidrata,nutre y repara.\u00a0<\/span><\/p>\n<p id=\"yui_3_16_0_ym19_1_1493670972993_4399\"><span id=\"yui_3_16_0_ym19_1_1493670972993_4398\" style=\"color: #000000;\">*** Reafirma.\u00a0<\/span><\/p>\n<p id=\"yui_3_16_0_ym19_1_1493670972993_4401\"><span id=\"yui_3_16_0_ym19_1_1493670972993_4400\" style=\"color: #000000;\">*** Mejora Contorno de ojos, cuello, labios.\u00a0<\/span><\/p>\n<p id=\"yui_3_16_0_ym19_1_1493670972993_4403\"><span id=\"yui_3_16_0_ym19_1_1493670972993_4402\" style=\"color: #000000;\">*** Blanqueadora\u00a0 profunda.\u00a0<\/span><\/p>\n<p id=\"yui_3_16_0_ym19_1_1493670972993_4405\"><span id=\"yui_3_16_0_ym19_1_1493670972993_4404\" style=\"color: #000000;\">*** Previene formaci\u00f3n de acn\u00e9.\u00a0<\/span><\/p>\n<p id=\"yui_3_16_0_ym19_1_1493670972993_4407\"><span id=\"yui_3_16_0_ym19_1_1493670972993_4406\" style=\"color: #000000;\">*** Mejora la oxigenaci\u00f3n y la elasticidad.\u00a0<\/span><\/p>\n<p id=\"yui_3_16_0_ym19_1_1493670972993_4409\"><span id=\"yui_3_16_0_ym19_1_1493670972993_4408\" style=\"color: #000000;\">*** Acci\u00f3n depuradora.\u00a0<\/span><\/p>\n<p id=\"yui_3_16_0_ym19_1_1493670972993_4411\"><span id=\"yui_3_16_0_ym19_1_1493670972993_4410\" style=\"color: #000000;\">Crema enriquecida con vitaminas, Col\u00e1geno, Elastina, Ginseng, Aceite de Coco, Manteca de Cacao, entre otros destacados componentes restauradores de la piel.\u00a0<\/span><\/p>\n<p id=\"yui_3_16_0_ym19_1_1493670972993_4459\"><span id=\"yui_3_16_0_ym19_1_1493670972993_4458\" style=\"color: #000000;\">Presentaci\u00f3n: frasco por 60 g.\u00a0<\/span><\/p>\n<h2><span style=\"color: #000000;\"><em>\u00a0<\/em><\/span><\/h2>\n<p><span style=\"text-decoration: underline; color: #000000;\"><em>\u00a0<\/em><\/span><\/p>\n<p><a href=\"http:\/\/www.institutodemedicinaalternativa.com\/sitio\/wp-content\/uploads\/Ducasse-Sport.jpg\" rel=\"attachment wp-att-1197\"><img loading=\"lazy\" class=\"size-medium wp-image-1197\" src=\"http:\/\/www.institutodemedicinaalternativa.com\/sitio\/wp-content\/uploads\/Ducasse-Sport-300x225.jpg\" alt=\"DUCASSE SPORT\" width=\"300\" height=\"225\" srcset=\"https:\/\/www.institutodemedicinaalternativa.com\/sitio\/wp-content\/uploads\/Ducasse-Sport-300x225.jpg 300w, https:\/\/www.institutodemedicinaalternativa.com\/sitio\/wp-content\/uploads\/Ducasse-Sport-768x576.jpg 768w, https:\/\/www.institutodemedicinaalternativa.com\/sitio\/wp-content\/uploads\/Ducasse-Sport-1024x768.jpg 1024w\" sizes=\"(max-width: 300px) 100vw, 300px\" \/><\/a><\/p>\n<h2><\/h2>\n<h2><em><span style=\"color: #0000ff;\">DUCASSE SPORT<\/span> \/ \u00a0<span style=\"color: #008000;\">DUCASSE FLEX<\/span><\/em><\/h2>\n<p><span style=\"color: #000000;\"><em><strong>Mayor potencia muscular <\/strong><\/em> \/ \u00a0 \u00a0<em><strong>Mayor relajaci\u00f3n muscular<\/strong><\/em><\/span><\/p>\n<p><strong><span style=\"color: #000000;\">NUEVA F\u00d3RMULA POTENCIADA.<\/span><\/strong><\/p>\n<h2><em><span style=\"color: #000000;\">Cremas Hipoalerg\u00e9nicas con triple acci\u00f3n<\/span><\/em><\/h2>\n<p><strong><em><span style=\"color: #000000;\">(Relajante muscular &#8211; analg\u00e9sica &#8211; antiinflamotoria)<\/span><\/em><\/strong><\/p>\n<p><em><strong><span style=\"color: #000000;\">Favorecen la resistencia, fuerza y tono muscular en el ejercicio.<\/span><\/strong><\/em><\/p>\n<p><strong><em><span style=\"color: #339966;\">Con extractos naturales de plantas medicinales<\/span><\/em><\/strong><\/p>\n<p><strong><em><span style=\"color: #339966;\">(Arnica, Ginkgo Biloba, Aloe Vera, Sauce Blanco, Maca, Aceite Esencial de Rosa Mosqueta y Lavanda).<\/span><\/em><\/strong><\/p>\n<ul>\n<li><strong><em><span style=\"color: #993300;\">MEJORA \u00a0EL DOLOR Y LA PICAZ\u00d3N EN 30 MINUTOS<\/span><\/em><\/strong><\/li>\n<li><strong><em><span style=\"color: #993300;\">ANTICELUL\u00cdTICA<\/span><\/em><\/strong><\/li>\n<li><em><span style=\"color: #993300;\"><strong>FACILITA EL DRENAJE LINF\u00c1TICO<\/strong><\/span><\/em><\/li>\n<li><strong><em><span style=\"color: #993300;\">MEJORA ESTR\u00cdAS Y MANCHAS DE PIEL<\/span><\/em><\/strong><\/li>\n<li><strong><em><span style=\"color: #993300;\">POST DEPILACI\u00d3N Y AFEITADA<\/span><\/em><\/strong><\/li>\n<li><span style=\"color: #993300;\"><strong><em>POST SOLAR \u00a0(MEJORA LA INFLAMACI\u00d3N, EL DOLOR, \u00a0NUTRE, REPARA E \u00a0HIDRATA \u00a0LA PIEL).<\/em><\/strong><\/span><\/li>\n<li><em><strong><span style=\"color: #993300;\">MEJORA DOLORES, CALAMBRES, CANSANCIO DE PIERNAS PRODUCIDOS POR V\u00c1RICES.<\/span><\/strong><\/em><\/li>\n<li><em><strong><span style=\"color: #993300;\">FILTRO SOLAR NATURAL.<\/span><\/strong><\/em><\/li>\n<li><em><strong><span style=\"color: #993300;\">REPELENTE DE MOSQUITOS.<\/span><\/strong><\/em><\/li>\n<\/ul>\n<p><strong>Unica presentaci\u00f3n: frasco por 100 gramos.<\/strong><\/p>\n<p><!--<iframe src=\"https:\/\/www.youtube.com\/embed\/kq3nCwO-SNU\" width=\"540\" height=\"304\" frameborder=\"0\" allowfullscreen=\"allowfullscreen\"><\/iframe>--><em><span style=\"color: #000000;\">Para mayor informaci\u00f3n de la crema <span style=\"color: #000080;\">DUCASSE SPORT<\/span>, ver monograf\u00eda en sector NOTICIAS.<\/span><\/em><br \/>\n<em><span style=\"color: #000000;\"> <video controls=\"controls\" width=\"540\" height=\"304\"><source src=\"\/sitio\/wp-content\/videos\/sport-sm.mp4\" type=\"video\/mp4\" \/><\/video><\/span><\/em><\/p>\n<h2><a title=\"Permanent Link to DUCASSE FLEX, LA CREMA QUE REVOLUCIONA EL TRATAMIENTO DE LAS CONTRACTURAS Y EL DOLOR MUSCULAR\" href=\"http:\/\/www.institutodemedicinaalternativa.com\/sitio\/nutricion\/noticias\/ducasse-flexla-crema-que-revoluciona-el-tratamiento-de-las-contracturas-y-el-dolor-muscular\/\" rel=\"bookmark\">DUCASSE FLEX, LA CREMA QUE REVOLUCIONA EL TRATAMIENTO DE LAS CONTRACTURAS Y EL DOLOR MUSCULAR<\/a><\/h2>\n<p><a href=\"http:\/\/www.institutodemedicinaalternativa.com\/sitio\/wp-content\/uploads\/Ducasse-Flex.jpg\" rel=\"attachment wp-att-1198\"><img loading=\"lazy\" class=\"size-medium wp-image-1198\" src=\"http:\/\/www.institutodemedicinaalternativa.com\/sitio\/wp-content\/uploads\/Ducasse-Flex-300x225.jpg\" alt=\"DUCASSE FLEX\" width=\"300\" height=\"225\" srcset=\"https:\/\/www.institutodemedicinaalternativa.com\/sitio\/wp-content\/uploads\/Ducasse-Flex-300x225.jpg 300w, https:\/\/www.institutodemedicinaalternativa.com\/sitio\/wp-content\/uploads\/Ducasse-Flex-768x576.jpg 768w, https:\/\/www.institutodemedicinaalternativa.com\/sitio\/wp-content\/uploads\/Ducasse-Flex-1024x768.jpg 1024w\" sizes=\"(max-width: 300px) 100vw, 300px\" \/><\/a><\/p>\n<p><strong><em><span style=\"color: #008000;\"><em>DUCASSE FLEX<\/em><\/span><em>: \u00a0es como tener un quiropr\u00e1ctico y masajista en casa, dado el importante efecto relajante muscular, si hay v\u00e9rtebras bloqueadas, se acomodan ( hacen ruido ) solas en forma espont\u00e1nea y se calma el dolor.<\/em><\/em><\/strong><span style=\"color: #008000;\"> <strong><em><em>La crema que cuida lo m\u00e1s preciado, nuestra familia<\/em><\/em><em> .<\/em><\/strong><\/span> Esta crema ha sido pensada para el uso de toda la familia, desde ni\u00f1os a partir de los 8 a\u00f1os hasta ancianos de cualquier edad, ya que su f\u00f3rmula natural, totalmente compuesta por extractos de plantas (\u00e1rnica, aloe vera, sauce blanco, lavanda y rosa mosqueta), permite que sea utilizada por todas las personas, pues no presenta efectos secundarios y ha sido dermatol\u00f3gicamente testeada. Indicada para todo tipo de dolencia muscular y articular, tanto pre y post actividad f\u00edsica como ante torceduras, desgarros o contracturas, permitiendo una r\u00e1pida recuperaci\u00f3n de la zona afectada y una efectiva disminuci\u00f3n del dolor, atento sus\u00a0<strong><em><span style=\"color: #008000;\">propiedades antiinflamatorias, <\/span><span style=\"color: #008000;\">analg\u00e9sicas y relajantes<\/span><\/em><\/strong><span style=\"color: #008000;\">.<\/span> Siendo sumamente efectiva en dolencias como artritis (reumatoidea, psori\u00e1sica, espondiloartritis), dolores musculares cr\u00f3nicos (fibromialgias), osteoartrosis, neuralgias (idiop\u00e1tica del trig\u00e9mino, post- herp\u00e9ticas, odontalgias, jaquecas) alivio del dolor neurop\u00e1tico (diabetes), en estados postquir\u00fargicos, algias cicatrizales post- mastectom\u00edas y post- radioterapia terap\u00e9utica, ya que mejora la cicatrizaci\u00f3n, la inflamaci\u00f3n y el dolor; es efectiva tambi\u00e9n en mejorar pruritos ( picaz\u00f3n) por \u00a0eczemas \u00a0urticarianos y psori\u00e1sicos. Mejora dolores menstruales y circulatorios de origen arterial \u00a0y venoso .Mis treinta a\u00f1os de experiencia en la Medicina Alternativa y Natural me han permitido formular la crema<span style=\"color: #008000;\"> <strong><em>DUCASSE FLEX<\/em><\/strong><\/span>, totalmente elaborada con<em> <strong><span style=\"color: #008000;\">componentes naturales<\/span>.<\/strong><\/em><\/p>\n<p>Presentaci\u00f3n :\u00a0frascos por 100 gramos .<br \/>\n<!--\n\n\n<p style=\"margin: 10px 0 20px;\">\n<iframe src=\"https:\/\/www.youtube.com\/embed\/KPXef31cMw8\" width=\"540\" height=\"304\" frameborder=\"0\" allowfullscreen=\"allowfullscreen\"><\/iframe>\n\n--><span style=\"color: #000000;\"><em>Para mayor informaci\u00f3n de la crema <span style=\"color: #008000;\">DUCASSE FLEX<\/span>, ver monograf\u00eda en sector NOTICIAS.<\/em><\/span><br \/>\n<video controls=\"controls\" width=\"540\" height=\"304\"><source src=\"\/sitio\/wp-content\/videos\/flex-sm.mp4\" type=\"video\/mp4\" \/><\/video><\/p>\n<div><span style=\"text-decoration: underline;\"><strong><em><span style=\"color: #000000; text-decoration: underline;\">Puntos de Ventas de <span style=\"color: #008000; text-decoration: underline;\">CREMAS DUCASSE<\/span>, Ciudad Aut\u00f3noma de Buenos Aires<\/span><\/em><\/strong><\/span><\/div>\n<div>\n<p><em><span style=\"color: #339966;\"><strong>ventas \u00a0por mercado libre o por tienda on Line<\/strong><\/span><\/em><\/p>\n<p><span style=\"color: #800080;\"><em><strong>TIENDA ON LINE:<\/strong><a href=\"http:\/\/institutodemedicinaalternativa.com\/tienda\/\" target=\"_blank\" rel=\"noopener noreferrer\"> http:\/\/institutodemedicinaalternativa.com\/tienda\/.<\/a><\/em><\/span><\/p>\n<hr \/>\n<hr \/>\n<p><strong><span style=\"text-decoration: underline;\"><span style=\"color: #000000; text-decoration: underline;\">PROVINCIA DE BUENOS AIRES<\/span><\/span><\/strong><\/p>\n<p><strong><em><span style=\"color: #000000;\">*AVELLANEDA:<\/span><\/em><\/strong><\/p>\n<p><em><span style=\"text-decoration: underline; color: #000000;\">Distribuidora de Alimentos sas: (Natural Whey)\u00a0<\/span><\/em><\/p>\n<p><a href=\"http:\/\/www.institutodemedicinaalternativa.com\/sitio\/wp-content\/uploads\/DISTRIBUIDORA.png\" rel=\"attachment wp-att-1359\"><img loading=\"lazy\" class=\"alignleft size-medium wp-image-1359\" src=\"http:\/\/www.institutodemedicinaalternativa.com\/sitio\/wp-content\/uploads\/DISTRIBUIDORA-300x151.png\" alt=\"DISTRIBUIDORA\" width=\"300\" height=\"151\" srcset=\"https:\/\/www.institutodemedicinaalternativa.com\/sitio\/wp-content\/uploads\/DISTRIBUIDORA-300x151.png 300w, https:\/\/www.institutodemedicinaalternativa.com\/sitio\/wp-content\/uploads\/DISTRIBUIDORA.png 578w\" sizes=\"(max-width: 300px) 100vw, 300px\" \/><\/a><\/p>\n<p><strong><em><span style=\"color: #008000;\">www.naturalwheysuplementos.com.ar<\/span><\/em><\/strong><\/p>\n<p><em><span style=\"color: #000000;\">Wassapp: 1165264802\u00a0 \u00a0 \u00a0 \u00a01149282784<\/span><\/em><\/p>\n<p><em><span style=\"color: #000000;\">E mail:naturalwheysuplementos@hotmail.com<\/span><\/em><\/p>\n<\/div>\n<div>\n<p><em><span style=\"color: #000000;\">\u00a0laas33@outlook.com.ar<\/span><\/em><\/p>\n<p><em><span style=\"color: #000000;\">Zeballos 1141\u00a0 \u00a0Avellaneda<\/span><\/em><\/p>\n<\/div>\n<p><span style=\"color: #800080;\"><strong>***<span style=\"text-decoration: underline;\"> VENTA DIRECTA POR PAGO EN EFECTIVO POR CUENTA<\/span>:<\/strong><em> consulte por importantes descuentos y promociones especiales por compras de las cremas para la Provincia de Buenos Aires e Interi\u00f3r del Pa\u00eds.<\/em><\/span><\/p>\n<p><span style=\"color: #800080;\"><em>contacto:* e-mail:<a href=\"http:\/\/ducassecremas@gmail.com\" target=\"_blank\" rel=\"noopener noreferrer\"> ducassecremas@gmail.com<\/a><\/em><\/span><\/p>\n<p><span style=\"color: #800080;\"><em><strong>***<\/strong><span style=\"text-decoration: underline;\"><strong> VENTA DIRECTA POR PAGO CON \u00a0TARJETAS DE CREDITO<\/strong><\/span><strong>:\u00a0<\/strong><\/em><\/span><\/p>\n<p><span style=\"color: #800080;\"><em><strong>TIENDA ON LINE:<\/strong><a href=\"http:\/\/institutodemedicinaalternativa.com\/tienda\/\" target=\"_blank\" rel=\"noopener noreferrer\"> http:\/\/institutodemedicinaalternativa.com\/tienda\/.<\/a><\/em><\/span><\/p>\n<p>***************************************************************************************************************<\/p>\n<p><span style=\"color: #800080;\"><strong><em><strong>IMPORTANTE: NO TENEMOS PUNTOS DE VENTA \u00a0EN TODO EL INTERIOR DEL PAIS, PARA BAJAR COSTOS DE ENV\u00cdO, LE SUGERIMOS QUE UN GRUPO DE PERSONAS ENCARGUEN LAS CREMAS,\u00a0HACEMOS \u00a0ENVIOS AL INTERIOR DEL PAIS.<\/strong><br \/>\n<\/em><\/strong><strong>Dr. Carlos Daniel Ducasse<\/strong><\/span><\/p>\n<p>Tel.: (011) 4523-1094<\/p>\n<p><a href=\"mailto:info@iamac.com.ar\" target=\"_blank\" rel=\"noopener noreferrer\">info@iamac.com.ar<\/a><\/p>\n<p>Ciudad Aut\u00f3noma de Buenos Aires<br \/>\nArgentina<\/p>\n","protected":false},"excerpt":{"rendered":"<p>\u00a0 \u00a0 \u00a0 Por qu\u00e9 usar cremas Ducasse? Porque&#8230; ***Las cremas, con acci\u00f3n medicinal y cosm\u00e9tica, est\u00e1n elaboradas en forma artesanal,\u00a0bajo los c\u00e1nones de la Medicina Hol\u00edstica. *** La materia prima,\u00a0 plantas medicinales, aceites esenciales, vitaminas, fragancias, etc,\u00a0 utilizada\u00a0 en la fabricaci\u00f3n de las cremas es\u00a0proporcionada por Laboratorios de reconocido prestigio. *** Cuenta con un [&hellip;]<\/p>\n","protected":false},"author":2,"featured_media":0,"parent":0,"menu_order":5,"comment_status":"closed","ping_status":"open","template":"","meta":[],"_links":{"self":[{"href":"https:\/\/www.institutodemedicinaalternativa.com\/sitio\/wp-json\/wp\/v2\/pages\/833"}],"collection":[{"href":"https:\/\/www.institutodemedicinaalternativa.com\/sitio\/wp-json\/wp\/v2\/pages"}],"about":[{"href":"https:\/\/www.institutodemedicinaalternativa.com\/sitio\/wp-json\/wp\/v2\/types\/page"}],"author":[{"embeddable":true,"href":"https:\/\/www.institutodemedicinaalternativa.com\/sitio\/wp-json\/wp\/v2\/users\/2"}],"replies":[{"embeddable":true,"href":"https:\/\/www.institutodemedicinaalternativa.com\/sitio\/wp-json\/wp\/v2\/comments?post=833"}],"version-history":[{"count":206,"href":"https:\/\/www.institutodemedicinaalternativa.com\/sitio\/wp-json\/wp\/v2\/pages\/833\/revisions"}],"predecessor-version":[{"id":1506,"href":"https:\/\/www.institutodemedicinaalternativa.com\/sitio\/wp-json\/wp\/v2\/pages\/833\/revisions\/1506"}],"wp:attachment":[{"href":"https:\/\/www.institutodemedicinaalternativa.com\/sitio\/wp-json\/wp\/v2\/media?parent=833"}],"curies":[{"name":"wp","href":"https:\/\/api.w.org\/{rel}","templated":true}]}}